{"id":14512,"date":"2026-04-24T16:47:30","date_gmt":"2026-04-24T16:47:30","guid":{"rendered":"https:\/\/oxand.com\/?page_id=14512"},"modified":"2026-04-24T20:31:09","modified_gmt":"2026-04-24T20:31:09","slug":"politica-de-privacidad","status":"publish","type":"page","link":"https:\/\/oxand.com\/es\/privacy-policy\/","title":{"rendered":"Pol\u00edtica de privacidad"},"content":{"rendered":"<div data-elementor-type=\"wp-page\" data-elementor-id=\"14512\" class=\"elementor elementor-14512\" wpc-filter-elementor-widget=\"1\" data-elementor-post-type=\"page\">\n\t\t\t\t<div class=\"elementor-element elementor-element-d537ef6 e-flex e-con-boxed e-con e-parent\" data-id=\"d537ef6\" data-element_type=\"container\" data-e-type=\"container\" data-settings=\"{&quot;background_background&quot;:&quot;classic&quot;}\">\n\t\t\t\t\t<div class=\"e-con-inner\">\n\t\t<div class=\"elementor-element elementor-element-7dd4193 e-con-full e-flex e-con e-child\" data-id=\"7dd4193\" data-element_type=\"container\" data-e-type=\"container\">\n\t\t\t\t<div class=\"elementor-element elementor-element-8f2b5c1 elementor-invisible elementor-widget elementor-widget-text-editor\" data-id=\"8f2b5c1\" data-element_type=\"widget\" data-e-type=\"widget\" data-settings=\"{&quot;_animation&quot;:&quot;fadeIn&quot;}\" data-widget_type=\"text-editor.default\">\n\t\t\t\t\t\t\t\t\t<p>Datos personales - Recogida de datos por OXAND<\/p>\t\t\t\t\t\t\t\t<\/div>\n\t\t\t\t<div class=\"elementor-element elementor-element-9aac9d1 elementor-widget__width-initial oxand-h2 elementor-invisible elementor-widget elementor-widget-heading\" data-id=\"9aac9d1\" data-element_type=\"widget\" data-e-type=\"widget\" data-settings=\"{&quot;_animation&quot;:&quot;fadeIn&quot;,&quot;_animation_delay&quot;:200}\" data-widget_type=\"heading.default\">\n\t\t\t\t\t<h1 class=\"elementor-heading-title elementor-size-default\">Pol\u00edtica de privacidad <\/h1>\t\t\t\t<\/div>\n\t\t\t\t<div class=\"elementor-element elementor-element-76be209 elementor-widget__width-initial elementor-invisible elementor-widget elementor-widget-text-editor\" data-id=\"76be209\" data-element_type=\"widget\" data-e-type=\"widget\" data-settings=\"{&quot;_animation&quot;:&quot;fadeIn&quot;,&quot;_animation_delay&quot;:400}\" data-widget_type=\"text-editor.default\">\n\t\t\t\t\t\t\t\t\t<p>5 de diciembre de 2025<\/p><p><br \/>Este documento pretende explicar, de la forma m\u00e1s transparente posible, c\u00f3mo procesamos sus datos cuando visita el sitio web de OXAND y cuando rellena un formulario para solicitar una demostraci\u00f3n o ponerse en contacto con un experto.<br \/>En relaci\u00f3n con las cookies, consulte espec\u00edficamente nuestra pol\u00edtica de cookies.<\/p>\t\t\t\t\t\t\t\t<\/div>\n\t\t\t\t<\/div>\n\t\t\t\t\t<\/div>\n\t\t\t\t<\/div>\n\t\t<div class=\"elementor-element elementor-element-adca596 e-flex e-con-boxed e-con e-parent\" data-id=\"adca596\" data-element_type=\"container\" data-e-type=\"container\" data-settings=\"{&quot;background_background&quot;:&quot;classic&quot;}\">\n\t\t\t\t\t<div class=\"e-con-inner\">\n\t\t\t\t<div class=\"elementor-element elementor-element-af0439c elementor-widget elementor-widget-spacer\" data-id=\"af0439c\" data-element_type=\"widget\" data-e-type=\"widget\" data-widget_type=\"spacer.default\">\n\t\t\t\t\t\t\t<div class=\"elementor-spacer\">\n\t\t\t<div class=\"elementor-spacer-inner\"><\/div>\n\t\t<\/div>\n\t\t\t\t\t\t<\/div>\n\t\t\t\t<div class=\"elementor-element elementor-element-c97fc48 elementor-widget__width-inherit elementor-invisible elementor-widget elementor-widget-heading\" data-id=\"c97fc48\" data-element_type=\"widget\" data-e-type=\"widget\" data-settings=\"{&quot;_animation&quot;:&quot;fadeIn&quot;,&quot;_animation_delay&quot;:200}\" data-widget_type=\"heading.default\">\n\t\t\t\t\t<h3 class=\"elementor-heading-title elementor-size-default\">1. Objeto y fundamento jur\u00eddico<\/h3>\t\t\t\t<\/div>\n\t\t\t\t<div class=\"elementor-element elementor-element-f35eaf3 elementor-widget__width-inherit elementor-invisible elementor-widget elementor-widget-text-editor\" data-id=\"f35eaf3\" data-element_type=\"widget\" data-e-type=\"widget\" data-settings=\"{&quot;_animation&quot;:&quot;fadeIn&quot;,&quot;_animation_delay&quot;:400}\" data-widget_type=\"text-editor.default\">\n\t\t\t\t\t\t\t\t\t<p>La finalidad de este tratamiento es permitirnos ponernos en contacto con usted para ofrecerle una demostraci\u00f3n o asesoramiento personalizado, en respuesta a su solicitud.<\/p><p>Podemos enviarle mensajes sobre nuestras \u00faltimas noticias. Puede oponerse a ello en cualquier momento poni\u00e9ndose en contacto con nuestro responsable de protecci\u00f3n de datos, cuyos datos de contacto figuran al final de este documento.<\/p><p>Art\u00edculo 6, apartado 1, letra b), del Reglamento general de protecci\u00f3n de datos (RGPD) : Recopilamos datos a trav\u00e9s del formulario como parte de las medidas precontractuales para poder analizar sus solicitudes con vistas a un posible contrato.<\/p>\t\t\t\t\t\t\t\t<\/div>\n\t\t\t\t<div class=\"elementor-element elementor-element-da8f2a5 elementor-widget__width-inherit elementor-invisible elementor-widget elementor-widget-heading\" data-id=\"da8f2a5\" data-element_type=\"widget\" data-e-type=\"widget\" data-settings=\"{&quot;_animation&quot;:&quot;fadeIn&quot;,&quot;_animation_delay&quot;:200}\" data-widget_type=\"heading.default\">\n\t\t\t\t\t<h3 class=\"elementor-heading-title elementor-size-default\">2. Categor\u00edas de datos tratados<\/h3>\t\t\t\t<\/div>\n\t\t\t\t<div class=\"elementor-element elementor-element-8d94489 elementor-widget__width-inherit elementor-invisible elementor-widget elementor-widget-text-editor\" data-id=\"8d94489\" data-element_type=\"widget\" data-e-type=\"widget\" data-settings=\"{&quot;_animation&quot;:&quot;fadeIn&quot;,&quot;_animation_delay&quot;:400}\" data-widget_type=\"text-editor.default\">\n\t\t\t\t\t\t\t\t\t<ul><li>Nombre<\/li><li>Apellido<\/li><li>Direcci\u00f3n de correo electr\u00f3nico<\/li><li>Nombre de la empresa<\/li><li>Pa\u00eds<\/li><li>Industria<\/li><li>Tipo de proyecto o \u00e1rea de inter\u00e9s<\/li><li>Fecha y hora preferidas para la demostraci\u00f3n<\/li><li>Mensaje \/ Informaci\u00f3n adicional<\/li><\/ul>\t\t\t\t\t\t\t\t<\/div>\n\t\t\t\t<div class=\"elementor-element elementor-element-c2160eb elementor-widget__width-inherit elementor-invisible elementor-widget elementor-widget-heading\" data-id=\"c2160eb\" data-element_type=\"widget\" data-e-type=\"widget\" data-settings=\"{&quot;_animation&quot;:&quot;fadeIn&quot;,&quot;_animation_delay&quot;:200}\" data-widget_type=\"heading.default\">\n\t\t\t\t\t<h3 class=\"elementor-heading-title elementor-size-default\">2.1. Fuente de datos<\/h3>\t\t\t\t<\/div>\n\t\t\t\t<div class=\"elementor-element elementor-element-ce5acbc elementor-widget__width-inherit elementor-invisible elementor-widget elementor-widget-text-editor\" data-id=\"ce5acbc\" data-element_type=\"widget\" data-e-type=\"widget\" data-settings=\"{&quot;_animation&quot;:&quot;fadeIn&quot;,&quot;_animation_delay&quot;:400}\" data-widget_type=\"text-editor.default\">\n\t\t\t\t\t\t\t\t\t<p>Los datos se recogen a partir de la informaci\u00f3n facilitada por las personas que desean recibir informaci\u00f3n a trav\u00e9s del formulario de contacto del sitio web de OXAND.<br \/>Los datos tambi\u00e9n pueden recogerse durante nuestras comunicaciones (por tel\u00e9fono, correo electr\u00f3nico u otros medios).<\/p>\t\t\t\t\t\t\t\t<\/div>\n\t\t\t\t<div class=\"elementor-element elementor-element-cfbf0ca elementor-widget__width-inherit elementor-invisible elementor-widget elementor-widget-heading\" data-id=\"cfbf0ca\" data-element_type=\"widget\" data-e-type=\"widget\" data-settings=\"{&quot;_animation&quot;:&quot;fadeIn&quot;,&quot;_animation_delay&quot;:200}\" data-widget_type=\"heading.default\">\n\t\t\t\t\t<h3 class=\"elementor-heading-title elementor-size-default\">2.2. Car\u00e1cter obligatorio de la recogida de datos<\/h3>\t\t\t\t<\/div>\n\t\t\t\t<div class=\"elementor-element elementor-element-c7eaba7 elementor-widget__width-inherit elementor-invisible elementor-widget elementor-widget-text-editor\" data-id=\"c7eaba7\" data-element_type=\"widget\" data-e-type=\"widget\" data-settings=\"{&quot;_animation&quot;:&quot;fadeIn&quot;,&quot;_animation_delay&quot;:400}\" data-widget_type=\"text-editor.default\">\n\t\t\t\t\t\t\t\t\t<p>Los campos de datos son obligatorios: sin esta informaci\u00f3n, no podremos ponernos en contacto con usted.<\/p>\t\t\t\t\t\t\t\t<\/div>\n\t\t\t\t<div class=\"elementor-element elementor-element-15f03f8 elementor-widget__width-inherit elementor-invisible elementor-widget elementor-widget-heading\" data-id=\"15f03f8\" data-element_type=\"widget\" data-e-type=\"widget\" data-settings=\"{&quot;_animation&quot;:&quot;fadeIn&quot;,&quot;_animation_delay&quot;:200}\" data-widget_type=\"heading.default\">\n\t\t\t\t\t<h3 class=\"elementor-heading-title elementor-size-default\">2.3. Toma de decisiones automatizada<\/h3>\t\t\t\t<\/div>\n\t\t\t\t<div class=\"elementor-element elementor-element-aa8b198 elementor-widget__width-inherit elementor-invisible elementor-widget elementor-widget-text-editor\" data-id=\"aa8b198\" data-element_type=\"widget\" data-e-type=\"widget\" data-settings=\"{&quot;_animation&quot;:&quot;fadeIn&quot;,&quot;_animation_delay&quot;:400}\" data-widget_type=\"text-editor.default\">\n\t\t\t\t\t\t\t\t\t<p>El tratamiento no implica <span style=\"color: #3366ff;\"><a style=\"color: #3366ff;\" href=\"https:\/\/www.cnil.fr\/fr\/reglement-europeen-protection-donnees\/chapitre3#Article22\">toma de decisiones automatizada<\/a><\/span><\/p>\t\t\t\t\t\t\t\t<\/div>\n\t\t\t\t<div class=\"elementor-element elementor-element-d5903da elementor-widget__width-inherit elementor-invisible elementor-widget elementor-widget-heading\" data-id=\"d5903da\" data-element_type=\"widget\" data-e-type=\"widget\" data-settings=\"{&quot;_animation&quot;:&quot;fadeIn&quot;,&quot;_animation_delay&quot;:200}\" data-widget_type=\"heading.default\">\n\t\t\t\t\t<h3 class=\"elementor-heading-title elementor-size-default\">3.  Categor\u00edas de beneficiarios<\/h3>\t\t\t\t<\/div>\n\t\t\t\t<div class=\"elementor-element elementor-element-286ee16 elementor-widget__width-inherit elementor-invisible elementor-widget elementor-widget-text-editor\" data-id=\"286ee16\" data-element_type=\"widget\" data-e-type=\"widget\" data-settings=\"{&quot;_animation&quot;:&quot;fadeIn&quot;,&quot;_animation_delay&quot;:400}\" data-widget_type=\"text-editor.default\">\n\t\t\t\t\t\t\t\t\t<p>Los datos est\u00e1n destinados exclusivamente a OXAND. Dentro de OXAND, los destinatarios de los datos son :<\/p><ul><li><strong>Departamento Comercial<\/strong><\/li><li><strong>Departamento de Consultor\u00eda<\/strong><\/li><li><strong>Departamento de inform\u00e1tica<\/strong><\/li><\/ul>\t\t\t\t\t\t\t\t<\/div>\n\t\t\t\t<div class=\"elementor-element elementor-element-0b897de elementor-widget__width-inherit elementor-invisible elementor-widget elementor-widget-heading\" data-id=\"0b897de\" data-element_type=\"widget\" data-e-type=\"widget\" data-settings=\"{&quot;_animation&quot;:&quot;fadeIn&quot;,&quot;_animation_delay&quot;:200}\" data-widget_type=\"heading.default\">\n\t\t\t\t\t<h3 class=\"elementor-heading-title elementor-size-default\">4. Transferencias de datos fuera de la UE<\/h3>\t\t\t\t<\/div>\n\t\t\t\t<div class=\"elementor-element elementor-element-ea57d93 elementor-widget__width-inherit elementor-invisible elementor-widget elementor-widget-text-editor\" data-id=\"ea57d93\" data-element_type=\"widget\" data-e-type=\"widget\" data-settings=\"{&quot;_animation&quot;:&quot;fadeIn&quot;,&quot;_animation_delay&quot;:400}\" data-widget_type=\"text-editor.default\">\n\t\t\t\t\t\t\t\t\t<p>No se transfiere ning\u00fan dato fuera de la Uni\u00f3n Europea.<\/p>\t\t\t\t\t\t\t\t<\/div>\n\t\t\t\t<div class=\"elementor-element elementor-element-d39444b elementor-widget__width-inherit elementor-invisible elementor-widget elementor-widget-heading\" data-id=\"d39444b\" data-element_type=\"widget\" data-e-type=\"widget\" data-settings=\"{&quot;_animation&quot;:&quot;fadeIn&quot;,&quot;_animation_delay&quot;:200}\" data-widget_type=\"heading.default\">\n\t\t\t\t\t<h3 class=\"elementor-heading-title elementor-size-default\">5. 5. Per\u00edodo de conservaci\u00f3n de los datos<\/h3>\t\t\t\t<\/div>\n\t\t\t\t<div class=\"elementor-element elementor-element-2009b2f elementor-widget__width-inherit elementor-invisible elementor-widget elementor-widget-text-editor\" data-id=\"2009b2f\" data-element_type=\"widget\" data-e-type=\"widget\" data-settings=\"{&quot;_animation&quot;:&quot;fadeIn&quot;,&quot;_animation_delay&quot;:400}\" data-widget_type=\"text-editor.default\">\n\t\t\t\t\t\t\t\t\t<p>Los datos se conservan durante un periodo de 3 a\u00f1os a partir de la fecha de nuestro \u00faltimo contacto y, por supuesto, pueden eliminarse antes a petici\u00f3n suya poni\u00e9ndose en contacto con nuestro responsable de protecci\u00f3n de datos, cuyos datos de contacto figuran al final de este documento.<\/p>\t\t\t\t\t\t\t\t<\/div>\n\t\t\t\t<div class=\"elementor-element elementor-element-8d4d76b elementor-widget__width-inherit elementor-invisible elementor-widget elementor-widget-heading\" data-id=\"8d4d76b\" data-element_type=\"widget\" data-e-type=\"widget\" data-settings=\"{&quot;_animation&quot;:&quot;fadeIn&quot;,&quot;_animation_delay&quot;:200}\" data-widget_type=\"heading.default\">\n\t\t\t\t\t<h3 class=\"elementor-heading-title elementor-size-default\">6. Seguridad<\/h3>\t\t\t\t<\/div>\n\t\t\t\t<div class=\"elementor-element elementor-element-dc5a6d6 elementor-widget__width-inherit elementor-invisible elementor-widget elementor-widget-text-editor\" data-id=\"dc5a6d6\" data-element_type=\"widget\" data-e-type=\"widget\" data-settings=\"{&quot;_animation&quot;:&quot;fadeIn&quot;,&quot;_animation_delay&quot;:400}\" data-widget_type=\"text-editor.default\">\n\t\t\t\t\t\t\t\t\t<p>OXAND adopta las medidas necesarias para garantizar la seguridad y confidencialidad de sus datos, incluida la aplicaci\u00f3n de medidas de seguridad t\u00e9cnicas y organizativas de conformidad con las recomendaciones de la CNIL.<\/p>\t\t\t\t\t\t\t\t<\/div>\n\t\t\t\t<div class=\"elementor-element elementor-element-36fe40d elementor-widget__width-inherit elementor-invisible elementor-widget elementor-widget-heading\" data-id=\"36fe40d\" data-element_type=\"widget\" data-e-type=\"widget\" data-settings=\"{&quot;_animation&quot;:&quot;fadeIn&quot;,&quot;_animation_delay&quot;:200}\" data-widget_type=\"heading.default\">\n\t\t\t\t\t<h3 class=\"elementor-heading-title elementor-size-default\">7. Sus derechos - P\u00f3ngase en contacto con nuestro responsable de protecci\u00f3n de datos<\/h3>\t\t\t\t<\/div>\n\t\t\t\t<div class=\"elementor-element elementor-element-68cf78b elementor-widget__width-inherit elementor-invisible elementor-widget elementor-widget-text-editor\" data-id=\"68cf78b\" data-element_type=\"widget\" data-e-type=\"widget\" data-settings=\"{&quot;_animation&quot;:&quot;fadeIn&quot;,&quot;_animation_delay&quot;:400}\" data-widget_type=\"text-editor.default\">\n\t\t\t\t\t\t\t\t\t<p>Puede acceder y obtener copia de los datos que le conciernen, oponerse a su tratamiento, rectificarlos o borrarlos. Tambi\u00e9n tiene derecho a limitar el tratamiento de sus datos.<\/p><p>&gt;\u00a0<span style=\"color: #3366ff;\"><a style=\"color: #3366ff;\" href=\"https:\/\/www.cnil.fr\/fr\/comprendre-vos-droits\">Conoce tus derechos<\/a><\/span><\/p><p>Tambi\u00e9n tiene derecho a formular directrices espec\u00edficas y generales sobre la conservaci\u00f3n, la eliminaci\u00f3n y la comunicaci\u00f3n de sus datos post mortem.<\/p><p>La comunicaci\u00f3n de directivas espec\u00edficas post mortem y el ejercicio de estos derechos se efectuar\u00e1n mediante el env\u00edo de un correo postal al RPD, cuyas coordenadas se indican a continuaci\u00f3n. Las solicitudes relativas a datos post mortem deber\u00e1n ir acompa\u00f1adas de una copia de un documento de identidad para poder ser tratadas.<\/p>\t\t\t\t\t\t\t\t<\/div>\n\t\t\t\t<div class=\"elementor-element elementor-element-35e38a9 elementor-widget__width-inherit elementor-invisible elementor-widget elementor-widget-heading\" data-id=\"35e38a9\" data-element_type=\"widget\" data-e-type=\"widget\" data-settings=\"{&quot;_animation&quot;:&quot;fadeIn&quot;,&quot;_animation_delay&quot;:200}\" data-widget_type=\"heading.default\">\n\t\t\t\t\t<h3 class=\"elementor-heading-title elementor-size-default\">7.1. Ejercicio de sus derechos<\/h3>\t\t\t\t<\/div>\n\t\t\t\t<div class=\"elementor-element elementor-element-bc02c96 elementor-widget__width-inherit elementor-invisible elementor-widget elementor-widget-text-editor\" data-id=\"bc02c96\" data-element_type=\"widget\" data-e-type=\"widget\" data-settings=\"{&quot;_animation&quot;:&quot;fadeIn&quot;,&quot;_animation_delay&quot;:400}\" data-widget_type=\"text-editor.default\">\n\t\t\t\t\t\t\t\t\t<p>El responsable de la protecci\u00f3n de datos (RPD) de OXAND es su punto de contacto para cualquier solicitud relativa al ejercicio de sus derechos en relaci\u00f3n con este tratamiento de datos.<\/p><ul><li>P\u00f3ngase en contacto con el RPD por correo electr\u00f3nico: jad.badr@oxand.com<\/li><li>P\u00f3ngase en contacto con el RPD por correo :<br \/>- Sr. Jad BADR<br \/>- RPD<br \/>- 198 avenue de France<br \/>- 75013 Par\u00eds<\/li><li>P\u00f3ngase en contacto con el RPD por tel\u00e9fono: 0033 6 68 55 51 65<\/li><\/ul>\t\t\t\t\t\t\t\t<\/div>\n\t\t\t\t<div class=\"elementor-element elementor-element-9bedd1b elementor-widget__width-inherit elementor-invisible elementor-widget elementor-widget-heading\" data-id=\"9bedd1b\" data-element_type=\"widget\" data-e-type=\"widget\" data-settings=\"{&quot;_animation&quot;:&quot;fadeIn&quot;,&quot;_animation_delay&quot;:200}\" data-widget_type=\"heading.default\">\n\t\t\t\t\t<h3 class=\"elementor-heading-title elementor-size-default\">7.2. Reclamaci\u00f3n ante la CNIL<\/h3>\t\t\t\t<\/div>\n\t\t\t\t<div class=\"elementor-element elementor-element-7690b0a elementor-widget__width-inherit elementor-invisible elementor-widget elementor-widget-text-editor\" data-id=\"7690b0a\" data-element_type=\"widget\" data-e-type=\"widget\" data-settings=\"{&quot;_animation&quot;:&quot;fadeIn&quot;,&quot;_animation_delay&quot;:400}\" data-widget_type=\"text-editor.default\">\n\t\t\t\t\t\t\t\t\t<p>Si, tras ponerse en contacto con nosotros, considera que no se han respetado sus derechos sobre los datos, puede <span style=\"color: #3366ff;\"><a style=\"color: #3366ff;\" href=\"https:\/\/connexion.services.cnil.fr\/login\/?nonce=_3B2D8E159666ECECCFF5256D2E5D7D9F&amp;next=\/idp\/saml2\/continue%3Fnonce%3D_3B2D8E159666ECECCFF5256D2E5D7D9F\">presentar una reclamaci\u00f3n ante la CNIL<\/a><\/span>.<\/p>\t\t\t\t\t\t\t\t<\/div>\n\t\t\t\t\t<\/div>\n\t\t\t\t<\/div>\n\t\t\t\t<\/div>","protected":false},"excerpt":{"rendered":"<p>Personal Data \u2013 Data Collection by OXAND Privacy Policy December 5, 2025 This document is intended to explain, as transparently as possible, how we process your data when you visit the OXAND website and when you fill out a form to request a demo or contact an expert.Regarding cookies, please refer specifically to our cookie [&hellip;]<\/p>\n","protected":false},"author":4,"featured_media":0,"parent":0,"menu_order":0,"comment_status":"closed","ping_status":"closed","template":"","meta":{"_acf_changed":false,"_seopress_robots_primary_cat":"","_seopress_titles_title":"Privacy Policy | Oxand","_seopress_titles_desc":"Learn how Oxand collects, uses, and protects your personal data in accordance with the GDPR. Contact our DPO to exercise your rights.","_seopress_robots_index":"","footnotes":""},"class_list":["post-14512","page","type-page","status-publish","hentry"],"acf":[],"_links":{"self":[{"href":"https:\/\/oxand.com\/es\/wp-json\/wp\/v2\/pages\/14512","targetHints":{"allow":["GET"]}}],"collection":[{"href":"https:\/\/oxand.com\/es\/wp-json\/wp\/v2\/pages"}],"about":[{"href":"https:\/\/oxand.com\/es\/wp-json\/wp\/v2\/types\/page"}],"author":[{"embeddable":true,"href":"https:\/\/oxand.com\/es\/wp-json\/wp\/v2\/users\/4"}],"replies":[{"embeddable":true,"href":"https:\/\/oxand.com\/es\/wp-json\/wp\/v2\/comments?post=14512"}],"version-history":[{"count":13,"href":"https:\/\/oxand.com\/es\/wp-json\/wp\/v2\/pages\/14512\/revisions"}],"predecessor-version":[{"id":14536,"href":"https:\/\/oxand.com\/es\/wp-json\/wp\/v2\/pages\/14512\/revisions\/14536"}],"wp:attachment":[{"href":"https:\/\/oxand.com\/es\/wp-json\/wp\/v2\/media?parent=14512"}],"curies":[{"name":"wp","href":"https:\/\/api.w.org\/{rel}","templated":true}]}}