{"id":14512,"date":"2026-04-24T16:47:30","date_gmt":"2026-04-24T16:47:30","guid":{"rendered":"https:\/\/oxand.com\/?page_id=14512"},"modified":"2026-04-24T20:31:09","modified_gmt":"2026-04-24T20:31:09","slug":"politique-de-confidentialite","status":"publish","type":"page","link":"https:\/\/oxand.com\/fr\/privacy-policy\/","title":{"rendered":"Politique de confidentialit\u00e9"},"content":{"rendered":"<div data-elementor-type=\"wp-page\" data-elementor-id=\"14512\" class=\"elementor elementor-14512\" wpc-filter-elementor-widget=\"1\" data-elementor-post-type=\"page\">\n\t\t\t\t<div class=\"elementor-element elementor-element-d537ef6 e-flex e-con-boxed e-con e-parent\" data-id=\"d537ef6\" data-element_type=\"container\" data-e-type=\"container\" data-settings=\"{&quot;background_background&quot;:&quot;classic&quot;}\">\n\t\t\t\t\t<div class=\"e-con-inner\">\n\t\t<div class=\"elementor-element elementor-element-7dd4193 e-con-full e-flex e-con e-child\" data-id=\"7dd4193\" data-element_type=\"container\" data-e-type=\"container\">\n\t\t\t\t<div class=\"elementor-element elementor-element-8f2b5c1 elementor-invisible elementor-widget elementor-widget-text-editor\" data-id=\"8f2b5c1\" data-element_type=\"widget\" data-e-type=\"widget\" data-settings=\"{&quot;_animation&quot;:&quot;fadeIn&quot;}\" data-widget_type=\"text-editor.default\">\n\t\t\t\t\t\t\t\t\t<p>Donn\u00e9es personnelles - Collecte de donn\u00e9es par OXAND<\/p>\t\t\t\t\t\t\t\t<\/div>\n\t\t\t\t<div class=\"elementor-element elementor-element-9aac9d1 elementor-widget__width-initial oxand-h2 elementor-invisible elementor-widget elementor-widget-heading\" data-id=\"9aac9d1\" data-element_type=\"widget\" data-e-type=\"widget\" data-settings=\"{&quot;_animation&quot;:&quot;fadeIn&quot;,&quot;_animation_delay&quot;:200}\" data-widget_type=\"heading.default\">\n\t\t\t\t\t<h1 class=\"elementor-heading-title elementor-size-default\">Politique de confidentialit\u00e9 <\/h1>\t\t\t\t<\/div>\n\t\t\t\t<div class=\"elementor-element elementor-element-76be209 elementor-widget__width-initial elementor-invisible elementor-widget elementor-widget-text-editor\" data-id=\"76be209\" data-element_type=\"widget\" data-e-type=\"widget\" data-settings=\"{&quot;_animation&quot;:&quot;fadeIn&quot;,&quot;_animation_delay&quot;:400}\" data-widget_type=\"text-editor.default\">\n\t\t\t\t\t\t\t\t\t<p>5 d\u00e9cembre 2025<\/p><p><br \/>Ce document a pour but d'expliquer, de la mani\u00e8re la plus transparente possible, comment nous traitons vos donn\u00e9es lorsque vous visitez le site web d'OXAND et lorsque vous remplissez un formulaire pour demander une d\u00e9monstration ou contacter un expert.<br \/>En ce qui concerne les cookies, veuillez vous r\u00e9f\u00e9rer sp\u00e9cifiquement \u00e0 notre politique en mati\u00e8re de cookies.<\/p>\t\t\t\t\t\t\t\t<\/div>\n\t\t\t\t<\/div>\n\t\t\t\t\t<\/div>\n\t\t\t\t<\/div>\n\t\t<div class=\"elementor-element elementor-element-adca596 e-flex e-con-boxed e-con e-parent\" data-id=\"adca596\" data-element_type=\"container\" data-e-type=\"container\" data-settings=\"{&quot;background_background&quot;:&quot;classic&quot;}\">\n\t\t\t\t\t<div class=\"e-con-inner\">\n\t\t\t\t<div class=\"elementor-element elementor-element-af0439c elementor-widget elementor-widget-spacer\" data-id=\"af0439c\" data-element_type=\"widget\" data-e-type=\"widget\" data-widget_type=\"spacer.default\">\n\t\t\t\t\t\t\t<div class=\"elementor-spacer\">\n\t\t\t<div class=\"elementor-spacer-inner\"><\/div>\n\t\t<\/div>\n\t\t\t\t\t\t<\/div>\n\t\t\t\t<div class=\"elementor-element elementor-element-c97fc48 elementor-widget__width-inherit elementor-invisible elementor-widget elementor-widget-heading\" data-id=\"c97fc48\" data-element_type=\"widget\" data-e-type=\"widget\" data-settings=\"{&quot;_animation&quot;:&quot;fadeIn&quot;,&quot;_animation_delay&quot;:200}\" data-widget_type=\"heading.default\">\n\t\t\t\t\t<h3 class=\"elementor-heading-title elementor-size-default\">1. Objet et base juridique<\/h3>\t\t\t\t<\/div>\n\t\t\t\t<div class=\"elementor-element elementor-element-f35eaf3 elementor-widget__width-inherit elementor-invisible elementor-widget elementor-widget-text-editor\" data-id=\"f35eaf3\" data-element_type=\"widget\" data-e-type=\"widget\" data-settings=\"{&quot;_animation&quot;:&quot;fadeIn&quot;,&quot;_animation_delay&quot;:400}\" data-widget_type=\"text-editor.default\">\n\t\t\t\t\t\t\t\t\t<p>La finalit\u00e9 de ce traitement est de nous permettre de vous contacter pour vous proposer une d\u00e9monstration ou un conseil personnalis\u00e9, en r\u00e9ponse \u00e0 votre demande.<\/p><p>Nous pouvons vous envoyer des messages concernant nos derni\u00e8res nouvelles. Vous pouvez vous y opposer \u00e0 tout moment en contactant notre d\u00e9l\u00e9gu\u00e9 \u00e0 la protection des donn\u00e9es, dont les coordonn\u00e9es figurent \u00e0 la fin du pr\u00e9sent document.<\/p><p>Article 6, paragraphe 1, point b), du r\u00e8glement g\u00e9n\u00e9ral sur la protection des donn\u00e9es (RGPD) : Nous collectons des donn\u00e9es via le formulaire dans le cadre de mesures pr\u00e9contractuelles pour nous permettre de discuter de vos demandes en vue d'un contrat potentiel.<\/p>\t\t\t\t\t\t\t\t<\/div>\n\t\t\t\t<div class=\"elementor-element elementor-element-da8f2a5 elementor-widget__width-inherit elementor-invisible elementor-widget elementor-widget-heading\" data-id=\"da8f2a5\" data-element_type=\"widget\" data-e-type=\"widget\" data-settings=\"{&quot;_animation&quot;:&quot;fadeIn&quot;,&quot;_animation_delay&quot;:200}\" data-widget_type=\"heading.default\">\n\t\t\t\t\t<h3 class=\"elementor-heading-title elementor-size-default\">2. Cat\u00e9gories de donn\u00e9es trait\u00e9es<\/h3>\t\t\t\t<\/div>\n\t\t\t\t<div class=\"elementor-element elementor-element-8d94489 elementor-widget__width-inherit elementor-invisible elementor-widget elementor-widget-text-editor\" data-id=\"8d94489\" data-element_type=\"widget\" data-e-type=\"widget\" data-settings=\"{&quot;_animation&quot;:&quot;fadeIn&quot;,&quot;_animation_delay&quot;:400}\" data-widget_type=\"text-editor.default\">\n\t\t\t\t\t\t\t\t\t<ul><li>Pr\u00e9nom<\/li><li>Nom de famille<\/li><li>Adresse \u00e9lectronique<\/li><li>Nom de l'entreprise<\/li><li>Pays<\/li><li>L'industrie<\/li><li>Type de projet ou domaine d'int\u00e9r\u00eat<\/li><li>Date et heure souhait\u00e9es pour la d\u00e9monstration<\/li><li>Message \/ Informations compl\u00e9mentaires<\/li><\/ul>\t\t\t\t\t\t\t\t<\/div>\n\t\t\t\t<div class=\"elementor-element elementor-element-c2160eb elementor-widget__width-inherit elementor-invisible elementor-widget elementor-widget-heading\" data-id=\"c2160eb\" data-element_type=\"widget\" data-e-type=\"widget\" data-settings=\"{&quot;_animation&quot;:&quot;fadeIn&quot;,&quot;_animation_delay&quot;:200}\" data-widget_type=\"heading.default\">\n\t\t\t\t\t<h3 class=\"elementor-heading-title elementor-size-default\">2.1. Source des donn\u00e9es<\/h3>\t\t\t\t<\/div>\n\t\t\t\t<div class=\"elementor-element elementor-element-ce5acbc elementor-widget__width-inherit elementor-invisible elementor-widget elementor-widget-text-editor\" data-id=\"ce5acbc\" data-element_type=\"widget\" data-e-type=\"widget\" data-settings=\"{&quot;_animation&quot;:&quot;fadeIn&quot;,&quot;_animation_delay&quot;:400}\" data-widget_type=\"text-editor.default\">\n\t\t\t\t\t\t\t\t\t<p>Les donn\u00e9es sont collect\u00e9es \u00e0 partir des informations fournies par les personnes qui souhaitent recevoir des informations via le formulaire de contact du site web d'OXAND.<br \/>Des donn\u00e9es peuvent \u00e9galement \u00eatre collect\u00e9es dans le cadre de nos communications (par t\u00e9l\u00e9phone, par courrier \u00e9lectronique ou par d'autres moyens).<\/p>\t\t\t\t\t\t\t\t<\/div>\n\t\t\t\t<div class=\"elementor-element elementor-element-cfbf0ca elementor-widget__width-inherit elementor-invisible elementor-widget elementor-widget-heading\" data-id=\"cfbf0ca\" data-element_type=\"widget\" data-e-type=\"widget\" data-settings=\"{&quot;_animation&quot;:&quot;fadeIn&quot;,&quot;_animation_delay&quot;:200}\" data-widget_type=\"heading.default\">\n\t\t\t\t\t<h3 class=\"elementor-heading-title elementor-size-default\">2.2. Caract\u00e8re obligatoire de la collecte des donn\u00e9es<\/h3>\t\t\t\t<\/div>\n\t\t\t\t<div class=\"elementor-element elementor-element-c7eaba7 elementor-widget__width-inherit elementor-invisible elementor-widget elementor-widget-text-editor\" data-id=\"c7eaba7\" data-element_type=\"widget\" data-e-type=\"widget\" data-settings=\"{&quot;_animation&quot;:&quot;fadeIn&quot;,&quot;_animation_delay&quot;:400}\" data-widget_type=\"text-editor.default\">\n\t\t\t\t\t\t\t\t\t<p>Les champs de donn\u00e9es sont obligatoires : sans ces informations, nous ne pourrons pas vous contacter.<\/p>\t\t\t\t\t\t\t\t<\/div>\n\t\t\t\t<div class=\"elementor-element elementor-element-15f03f8 elementor-widget__width-inherit elementor-invisible elementor-widget elementor-widget-heading\" data-id=\"15f03f8\" data-element_type=\"widget\" data-e-type=\"widget\" data-settings=\"{&quot;_animation&quot;:&quot;fadeIn&quot;,&quot;_animation_delay&quot;:200}\" data-widget_type=\"heading.default\">\n\t\t\t\t\t<h3 class=\"elementor-heading-title elementor-size-default\">2.3. Prise de d\u00e9cision automatis\u00e9e<\/h3>\t\t\t\t<\/div>\n\t\t\t\t<div class=\"elementor-element elementor-element-aa8b198 elementor-widget__width-inherit elementor-invisible elementor-widget elementor-widget-text-editor\" data-id=\"aa8b198\" data-element_type=\"widget\" data-e-type=\"widget\" data-settings=\"{&quot;_animation&quot;:&quot;fadeIn&quot;,&quot;_animation_delay&quot;:400}\" data-widget_type=\"text-editor.default\">\n\t\t\t\t\t\t\t\t\t<p>Le traitement n'implique pas <span style=\"color: #3366ff;\"><a style=\"color: #3366ff;\" href=\"https:\/\/www.cnil.fr\/fr\/reglement-europeen-protection-donnees\/chapitre3#Article22\">la prise de d\u00e9cision automatis\u00e9e<\/a><\/span><\/p>\t\t\t\t\t\t\t\t<\/div>\n\t\t\t\t<div class=\"elementor-element elementor-element-d5903da elementor-widget__width-inherit elementor-invisible elementor-widget elementor-widget-heading\" data-id=\"d5903da\" data-element_type=\"widget\" data-e-type=\"widget\" data-settings=\"{&quot;_animation&quot;:&quot;fadeIn&quot;,&quot;_animation_delay&quot;:200}\" data-widget_type=\"heading.default\">\n\t\t\t\t\t<h3 class=\"elementor-heading-title elementor-size-default\">3.  Cat\u00e9gories de b\u00e9n\u00e9ficiaires<\/h3>\t\t\t\t<\/div>\n\t\t\t\t<div class=\"elementor-element elementor-element-286ee16 elementor-widget__width-inherit elementor-invisible elementor-widget elementor-widget-text-editor\" data-id=\"286ee16\" data-element_type=\"widget\" data-e-type=\"widget\" data-settings=\"{&quot;_animation&quot;:&quot;fadeIn&quot;,&quot;_animation_delay&quot;:400}\" data-widget_type=\"text-editor.default\">\n\t\t\t\t\t\t\t\t\t<p>Les donn\u00e9es sont destin\u00e9es exclusivement \u00e0 OXAND. Au sein d'OXAND, les destinataires des donn\u00e9es sont :<\/p><ul><li><strong>Service des ventes<\/strong><\/li><li><strong>Service de conseil<\/strong><\/li><li><strong>D\u00e9partement informatique<\/strong><\/li><\/ul>\t\t\t\t\t\t\t\t<\/div>\n\t\t\t\t<div class=\"elementor-element elementor-element-0b897de elementor-widget__width-inherit elementor-invisible elementor-widget elementor-widget-heading\" data-id=\"0b897de\" data-element_type=\"widget\" data-e-type=\"widget\" data-settings=\"{&quot;_animation&quot;:&quot;fadeIn&quot;,&quot;_animation_delay&quot;:200}\" data-widget_type=\"heading.default\">\n\t\t\t\t\t<h3 class=\"elementor-heading-title elementor-size-default\">4. Transferts de donn\u00e9es en dehors de l'UE<\/h3>\t\t\t\t<\/div>\n\t\t\t\t<div class=\"elementor-element elementor-element-ea57d93 elementor-widget__width-inherit elementor-invisible elementor-widget elementor-widget-text-editor\" data-id=\"ea57d93\" data-element_type=\"widget\" data-e-type=\"widget\" data-settings=\"{&quot;_animation&quot;:&quot;fadeIn&quot;,&quot;_animation_delay&quot;:400}\" data-widget_type=\"text-editor.default\">\n\t\t\t\t\t\t\t\t\t<p>Aucune donn\u00e9e n'est transf\u00e9r\u00e9e en dehors de l'Union europ\u00e9enne.<\/p>\t\t\t\t\t\t\t\t<\/div>\n\t\t\t\t<div class=\"elementor-element elementor-element-d39444b elementor-widget__width-inherit elementor-invisible elementor-widget elementor-widget-heading\" data-id=\"d39444b\" data-element_type=\"widget\" data-e-type=\"widget\" data-settings=\"{&quot;_animation&quot;:&quot;fadeIn&quot;,&quot;_animation_delay&quot;:200}\" data-widget_type=\"heading.default\">\n\t\t\t\t\t<h3 class=\"elementor-heading-title elementor-size-default\">5. P\u00e9riode de conservation des donn\u00e9es<\/h3>\t\t\t\t<\/div>\n\t\t\t\t<div class=\"elementor-element elementor-element-2009b2f elementor-widget__width-inherit elementor-invisible elementor-widget elementor-widget-text-editor\" data-id=\"2009b2f\" data-element_type=\"widget\" data-e-type=\"widget\" data-settings=\"{&quot;_animation&quot;:&quot;fadeIn&quot;,&quot;_animation_delay&quot;:400}\" data-widget_type=\"text-editor.default\">\n\t\t\t\t\t\t\t\t\t<p>Les donn\u00e9es sont conserv\u00e9es pendant une p\u00e9riode de trois ans \u00e0 compter de la date de notre dernier contact et peuvent, bien entendu, \u00eatre supprim\u00e9es plus t\u00f4t \u00e0 votre demande en contactant notre d\u00e9l\u00e9gu\u00e9 \u00e0 la protection des donn\u00e9es, dont les coordonn\u00e9es figurent \u00e0 la fin du pr\u00e9sent document.<\/p>\t\t\t\t\t\t\t\t<\/div>\n\t\t\t\t<div class=\"elementor-element elementor-element-8d4d76b elementor-widget__width-inherit elementor-invisible elementor-widget elementor-widget-heading\" data-id=\"8d4d76b\" data-element_type=\"widget\" data-e-type=\"widget\" data-settings=\"{&quot;_animation&quot;:&quot;fadeIn&quot;,&quot;_animation_delay&quot;:200}\" data-widget_type=\"heading.default\">\n\t\t\t\t\t<h3 class=\"elementor-heading-title elementor-size-default\">6. S\u00e9curit\u00e9<\/h3>\t\t\t\t<\/div>\n\t\t\t\t<div class=\"elementor-element elementor-element-dc5a6d6 elementor-widget__width-inherit elementor-invisible elementor-widget elementor-widget-text-editor\" data-id=\"dc5a6d6\" data-element_type=\"widget\" data-e-type=\"widget\" data-settings=\"{&quot;_animation&quot;:&quot;fadeIn&quot;,&quot;_animation_delay&quot;:400}\" data-widget_type=\"text-editor.default\">\n\t\t\t\t\t\t\t\t\t<p>OXAND prend les mesures n\u00e9cessaires pour assurer la s\u00e9curit\u00e9 et la confidentialit\u00e9 de vos donn\u00e9es, notamment en mettant en \u0153uvre des mesures de s\u00e9curit\u00e9 techniques et organisationnelles conformes aux recommandations de la CNIL.<\/p>\t\t\t\t\t\t\t\t<\/div>\n\t\t\t\t<div class=\"elementor-element elementor-element-36fe40d elementor-widget__width-inherit elementor-invisible elementor-widget elementor-widget-heading\" data-id=\"36fe40d\" data-element_type=\"widget\" data-e-type=\"widget\" data-settings=\"{&quot;_animation&quot;:&quot;fadeIn&quot;,&quot;_animation_delay&quot;:200}\" data-widget_type=\"heading.default\">\n\t\t\t\t\t<h3 class=\"elementor-heading-title elementor-size-default\">7. Vos droits - Contactez notre d\u00e9l\u00e9gu\u00e9 \u00e0 la protection des donn\u00e9es<\/h3>\t\t\t\t<\/div>\n\t\t\t\t<div class=\"elementor-element elementor-element-68cf78b elementor-widget__width-inherit elementor-invisible elementor-widget elementor-widget-text-editor\" data-id=\"68cf78b\" data-element_type=\"widget\" data-e-type=\"widget\" data-settings=\"{&quot;_animation&quot;:&quot;fadeIn&quot;,&quot;_animation_delay&quot;:400}\" data-widget_type=\"text-editor.default\">\n\t\t\t\t\t\t\t\t\t<p>Vous pouvez acc\u00e9der et obtenir copie des donn\u00e9es vous concernant, vous opposer au traitement de ces donn\u00e9es, les faire rectifier ou les faire effacer. Vous disposez \u00e9galement d'un droit \u00e0 la limitation du traitement de vos donn\u00e9es.<\/p><p>&gt;\u00a0<span style=\"color: #3366ff;\"><a style=\"color: #3366ff;\" href=\"https:\/\/www.cnil.fr\/fr\/comprendre-vos-droits\">Comprendre vos droits<\/a><\/span><\/p><p>Vous disposez \u00e9galement du droit de formuler des directives sp\u00e9cifiques et g\u00e9n\u00e9rales concernant la conservation, l'effacement et la communication de vos donn\u00e9es post-mortem.<\/p><p>La communication de directives sp\u00e9cifiques post-mortem et l'exercice de ces droits s'effectuent par l'envoi d'un courrier par voie postale au DPD dont les coordonn\u00e9es sont pr\u00e9cis\u00e9es ci-dessous. Les demandes s'agissant du sort des donn\u00e9es post mortem doivent \u00eatre accompagn\u00e9es d'une copie d'un titre d'identit\u00e9 afin d'\u00eatre trait\u00e9es.<\/p>\t\t\t\t\t\t\t\t<\/div>\n\t\t\t\t<div class=\"elementor-element elementor-element-35e38a9 elementor-widget__width-inherit elementor-invisible elementor-widget elementor-widget-heading\" data-id=\"35e38a9\" data-element_type=\"widget\" data-e-type=\"widget\" data-settings=\"{&quot;_animation&quot;:&quot;fadeIn&quot;,&quot;_animation_delay&quot;:200}\" data-widget_type=\"heading.default\">\n\t\t\t\t\t<h3 class=\"elementor-heading-title elementor-size-default\">7.1. Exercice de vos droits<\/h3>\t\t\t\t<\/div>\n\t\t\t\t<div class=\"elementor-element elementor-element-bc02c96 elementor-widget__width-inherit elementor-invisible elementor-widget elementor-widget-text-editor\" data-id=\"bc02c96\" data-element_type=\"widget\" data-e-type=\"widget\" data-settings=\"{&quot;_animation&quot;:&quot;fadeIn&quot;,&quot;_animation_delay&quot;:400}\" data-widget_type=\"text-editor.default\">\n\t\t\t\t\t\t\t\t\t<p>Le d\u00e9l\u00e9gu\u00e9 \u00e0 la protection des donn\u00e9es (DPD) d'OXAND est votre point de contact pour toute demande concernant l'exercice de vos droits en rapport avec ce traitement de donn\u00e9es.<\/p><ul><li>Contactez le DPD par courriel : jad.badr@oxand.com<\/li><li>Contactez le DPD par courrier :<br \/>- M. Jad BADR<br \/>- DPD<br \/>- 198 avenue de France<br \/>- 75013 Paris<\/li><li>Contacter le DPD par t\u00e9l\u00e9phone : 0033 6 68 55 51 65<\/li><\/ul>\t\t\t\t\t\t\t\t<\/div>\n\t\t\t\t<div class=\"elementor-element elementor-element-9bedd1b elementor-widget__width-inherit elementor-invisible elementor-widget elementor-widget-heading\" data-id=\"9bedd1b\" data-element_type=\"widget\" data-e-type=\"widget\" data-settings=\"{&quot;_animation&quot;:&quot;fadeIn&quot;,&quot;_animation_delay&quot;:200}\" data-widget_type=\"heading.default\">\n\t\t\t\t\t<h3 class=\"elementor-heading-title elementor-size-default\">7.2. Plainte aupr\u00e8s de la CNIL<\/h3>\t\t\t\t<\/div>\n\t\t\t\t<div class=\"elementor-element elementor-element-7690b0a elementor-widget__width-inherit elementor-invisible elementor-widget elementor-widget-text-editor\" data-id=\"7690b0a\" data-element_type=\"widget\" data-e-type=\"widget\" data-settings=\"{&quot;_animation&quot;:&quot;fadeIn&quot;,&quot;_animation_delay&quot;:400}\" data-widget_type=\"text-editor.default\">\n\t\t\t\t\t\t\t\t\t<p>Si, apr\u00e8s nous avoir contact\u00e9s, vous estimez que vos droits en mati\u00e8re de donn\u00e9es n'ont pas \u00e9t\u00e9 respect\u00e9s, vous pouvez <span style=\"color: #3366ff;\"><a style=\"color: #3366ff;\" href=\"https:\/\/connexion.services.cnil.fr\/login\/?nonce=_3B2D8E159666ECECCFF5256D2E5D7D9F&amp;next=\/idp\/saml2\/continue%3Fnonce%3D_3B2D8E159666ECECCFF5256D2E5D7D9F\">d\u00e9poser une plainte aupr\u00e8s de la CNIL<\/a><\/span>.<\/p>\t\t\t\t\t\t\t\t<\/div>\n\t\t\t\t\t<\/div>\n\t\t\t\t<\/div>\n\t\t\t\t<\/div>","protected":false},"excerpt":{"rendered":"<p>Personal Data \u2013 Data Collection by OXAND Privacy Policy December 5, 2025 This document is intended to explain, as transparently as possible, how we process your data when you visit the OXAND website and when you fill out a form to request a demo or contact an expert.Regarding cookies, please refer specifically to our cookie [&hellip;]<\/p>\n","protected":false},"author":4,"featured_media":0,"parent":0,"menu_order":0,"comment_status":"closed","ping_status":"closed","template":"","meta":{"_acf_changed":false,"_seopress_robots_primary_cat":"","_seopress_titles_title":"Privacy Policy | Oxand","_seopress_titles_desc":"Learn how Oxand collects, uses, and protects your personal data in accordance with the GDPR. Contact our DPO to exercise your rights.","_seopress_robots_index":"","footnotes":""},"class_list":["post-14512","page","type-page","status-publish","hentry"],"acf":[],"_links":{"self":[{"href":"https:\/\/oxand.com\/fr\/wp-json\/wp\/v2\/pages\/14512","targetHints":{"allow":["GET"]}}],"collection":[{"href":"https:\/\/oxand.com\/fr\/wp-json\/wp\/v2\/pages"}],"about":[{"href":"https:\/\/oxand.com\/fr\/wp-json\/wp\/v2\/types\/page"}],"author":[{"embeddable":true,"href":"https:\/\/oxand.com\/fr\/wp-json\/wp\/v2\/users\/4"}],"replies":[{"embeddable":true,"href":"https:\/\/oxand.com\/fr\/wp-json\/wp\/v2\/comments?post=14512"}],"version-history":[{"count":13,"href":"https:\/\/oxand.com\/fr\/wp-json\/wp\/v2\/pages\/14512\/revisions"}],"predecessor-version":[{"id":14536,"href":"https:\/\/oxand.com\/fr\/wp-json\/wp\/v2\/pages\/14512\/revisions\/14536"}],"wp:attachment":[{"href":"https:\/\/oxand.com\/fr\/wp-json\/wp\/v2\/media?parent=14512"}],"curies":[{"name":"wp","href":"https:\/\/api.w.org\/{rel}","templated":true}]}}