{"id":243,"date":"2025-03-21T08:01:40","date_gmt":"2025-03-21T08:01:40","guid":{"rendered":"https:\/\/oxand.com\/?page_id=243"},"modified":"2026-03-25T13:47:15","modified_gmt":"2026-03-25T13:47:15","slug":"livres-blancs-guides","status":"publish","type":"page","link":"https:\/\/oxand.com\/fr\/ressources\/whitepapers-guides\/","title":{"rendered":"Livres blancs et guides"},"content":{"rendered":"\t\t<div data-elementor-type=\"wp-page\" data-elementor-id=\"243\" class=\"elementor elementor-243\" wpc-filter-elementor-widget=\"1\" data-elementor-post-type=\"page\">\n\t\t\t\t<div class=\"elementor-element elementor-element-d9c721e e-flex e-con-boxed e-con e-parent\" data-id=\"d9c721e\" data-element_type=\"container\" data-e-type=\"container\" data-settings=\"{&quot;background_background&quot;:&quot;classic&quot;}\">\n\t\t\t\t\t<div class=\"e-con-inner\">\n\t\t<div class=\"elementor-element elementor-element-702e7a6 e-con-full e-flex e-con e-child\" data-id=\"702e7a6\" data-element_type=\"container\" data-e-type=\"container\">\n\t\t\t\t<div class=\"elementor-element elementor-element-9d5eeeb elementor-widget__width-initial elementor-invisible elementor-widget elementor-widget-heading\" data-id=\"9d5eeeb\" data-element_type=\"widget\" data-e-type=\"widget\" data-settings=\"{&quot;_animation&quot;:&quot;fadeIn&quot;,&quot;_animation_delay&quot;:200}\" data-widget_type=\"heading.default\">\n\t\t\t\t\t<h3 class=\"elementor-heading-title elementor-size-default\">Insights &amp; Best Practices<\/h3>\t\t\t\t<\/div>\n\t\t\t\t<div class=\"elementor-element elementor-element-bed7db2 elementor-hidden-desktop elementor-hidden-tablet elementor-hidden-mobile elementor-invisible elementor-widget elementor-widget-text-editor\" data-id=\"bed7db2\" data-element_type=\"widget\" data-e-type=\"widget\" data-settings=\"{&quot;_animation&quot;:&quot;fadeIn&quot;}\" data-widget_type=\"text-editor.default\">\n\t\t\t\t\t\t\t\t\t<p dir=\"auto\">Insights &amp; Best Practices<\/p>\t\t\t\t\t\t\t\t<\/div>\n\t\t\t\t<div class=\"elementor-element elementor-element-dc94ca4 elementor-widget__width-initial oxand-h2 elementor-invisible elementor-widget elementor-widget-heading\" data-id=\"dc94ca4\" data-element_type=\"widget\" data-e-type=\"widget\" data-settings=\"{&quot;_animation&quot;:&quot;fadeIn&quot;,&quot;_animation_delay&quot;:200}\" data-widget_type=\"heading.default\">\n\t\t\t\t\t<h2 class=\"elementor-heading-title elementor-size-default\">Explore our White Papers<\/h2>\t\t\t\t<\/div>\n\t\t\t\t<div class=\"elementor-element elementor-element-0579f3a elementor-widget__width-initial elementor-invisible elementor-widget elementor-widget-text-editor\" data-id=\"0579f3a\" data-element_type=\"widget\" data-e-type=\"widget\" data-settings=\"{&quot;_animation&quot;:&quot;fadeIn&quot;,&quot;_animation_delay&quot;:400}\" data-widget_type=\"text-editor.default\">\n\t\t\t\t\t\t\t\t\t<p dir=\"auto\">Gain expert insights on asset management, energy strategy, and digital transformation. Dive into in-depth analyses, success stories, and strategic guidance from the teams shaping the future of infrastructure intelligence.<\/p>\t\t\t\t\t\t\t\t<\/div>\n\t\t\t\t<\/div>\n\t\t\t\t\t<\/div>\n\t\t\t\t<\/div>\n\t\t<div class=\"elementor-element elementor-element-4e585ce french e-flex e-con-boxed e-con e-parent\" data-id=\"4e585ce\" data-element_type=\"container\" data-e-type=\"container\" data-no-translation=\"\">\n\t\t\t\t\t<div class=\"e-con-inner\">\n\t\t\t\t<div class=\"elementor-element elementor-element-0b8b163 elementor-grid-3 elementor-grid-tablet-2 elementor-grid-mobile-1 elementor-widget elementor-widget-loop-grid\" data-id=\"0b8b163\" data-element_type=\"widget\" data-e-type=\"widget\" data-settings=\"{&quot;template_id&quot;:11772,&quot;_skin&quot;:&quot;post&quot;,&quot;columns&quot;:&quot;3&quot;,&quot;columns_tablet&quot;:&quot;2&quot;,&quot;columns_mobile&quot;:&quot;1&quot;,&quot;edit_handle_selector&quot;:&quot;[data-elementor-type=\\&quot;loop-item\\&quot;]&quot;,&quot;row_gap&quot;:{&quot;unit&quot;:&quot;px&quot;,&quot;size&quot;:&quot;&quot;,&quot;sizes&quot;:[]},&quot;row_gap_tablet&quot;:{&quot;unit&quot;:&quot;px&quot;,&quot;size&quot;:&quot;&quot;,&quot;sizes&quot;:[]},&quot;row_gap_mobile&quot;:{&quot;unit&quot;:&quot;px&quot;,&quot;size&quot;:&quot;&quot;,&quot;sizes&quot;:[]}}\" data-widget_type=\"loop-grid.post\">\n\t\t\t\t<div class=\"elementor-widget-container\">\n\t\t\t\t\t\t\t<div class=\"elementor-loop-container elementor-grid\" role=\"list\">\n\t\t<style id=\"loop-dynamic-11772\">.e-loop-item-9846 .elementor-element.elementor-element-0d93327:not(.elementor-motion-effects-element-type-background), .e-loop-item-9846 .elementor-element.elementor-element-0d93327 > .elementor-motion-effects-container > .elementor-motion-effects-layer{background-image:url(\"https:\/\/oxand.com\/wp-content\/uploads\/2025\/07\/technician-adjusts-a-solar-panel-on-rooftop-emphasizing-the-transition-to-sustainable-energy-.jpg\");}<\/style><style id=\"loop-11772\">.elementor-11772 .elementor-element.elementor-element-69d4484{--display:flex;--flex-direction:column;--container-widget-width:100%;--container-widget-height:initial;--container-widget-flex-grow:0;--container-widget-align-self:initial;--flex-wrap-mobile:wrap;}.elementor-11772 .elementor-element.elementor-element-92c6ef5{--display:flex;--justify-content:space-between;--border-radius:10px 10px 10px 10px;box-shadow:0px 0px 6px -4px rgba(0,0,0,0.5);--margin-top:0px;--margin-bottom:0px;--margin-left:0px;--margin-right:0px;--padding-top:0px;--padding-bottom:0px;--padding-left:0px;--padding-right:0px;}.elementor-11772 .elementor-element.elementor-element-92c6ef5:hover{box-shadow:0px 0px 8px -4px rgba(0,0,0,0.5);}.elementor-11772 .elementor-element.elementor-element-0d93327{--display:flex;--min-height:400px;--margin-top:0px;--margin-bottom:0px;--margin-left:0px;--margin-right:0px;--padding-top:0px;--padding-bottom:0px;--padding-left:0px;--padding-right:0px;}.elementor-11772 .elementor-element.elementor-element-0d93327:not(.elementor-motion-effects-element-type-background), .elementor-11772 .elementor-element.elementor-element-0d93327 > .elementor-motion-effects-container > .elementor-motion-effects-layer{background-position:center center;background-repeat:no-repeat;background-size:cover;}.elementor-11772 .elementor-element.elementor-element-ecdb5f6{--display:flex;}.elementor-11772 .elementor-element.elementor-element-1cc2213 .elementor-icon-box-wrapper{text-align:start;}.elementor-11772 .elementor-element.elementor-element-1cc2213 .elementor-icon-box-title{margin-block-end:45px;}.elementor-11772 .elementor-element.elementor-element-1cc2213 .elementor-icon-box-title, .elementor-11772 .elementor-element.elementor-element-1cc2213 .elementor-icon-box-title a{font-family:\"Rethink Sans\", Sans-serif;font-size:15px;font-weight:600;text-transform:uppercase;font-style:normal;text-decoration:none;line-height:1.3em;letter-spacing:-0.3px;}.elementor-11772 .elementor-element.elementor-element-1cc2213 .elementor-icon-box-description{font-family:\"Montserrat\", Sans-serif;font-size:12px;font-weight:400;color:var( --e-global-color-text );}.elementor-11772 .elementor-element.elementor-element-1cc2213{width:auto;max-width:auto;}.elementor-11772 .elementor-element.elementor-element-1cc2213.elementor-element{--flex-grow:1;--flex-shrink:0;}@media(max-width:1024px){.elementor-11772 .elementor-element.elementor-element-1cc2213 .elementor-icon-box-title, .elementor-11772 .elementor-element.elementor-element-1cc2213 .elementor-icon-box-title a{font-size:35px;letter-spacing:-1.2px;}}@media(max-width:767px){.elementor-11772 .elementor-element.elementor-element-1cc2213 .elementor-icon-box-title, .elementor-11772 .elementor-element.elementor-element-1cc2213 .elementor-icon-box-title a{font-size:33px;letter-spacing:-1px;}}\/* Start custom CSS for icon-box, class: .elementor-element-1cc2213 *\/.sectionTitle {\n  display: -webkit-box;\n  -webkit-line-clamp: 2 !important; \/* Limite \u00e0 une seule ligne *\/\n  -webkit-box-orient: vertical;\n  overflow: hidden !important;\n  text-overflow: \"...\"; \/* Ajoute \"...\" si le texte est coup\u00e9 *\/\n  max-width: 400px !important; \/* Ajustez selon la longueur moyenne de 7 mots *\/\n  white-space: normal; \/* Permet le retour \u00e0 la ligne si n\u00e9cessaire *\/\n}\n\n.elementor-icon-box-title{\n    background: linear-gradient(71.24deg, #172039 15%, #3892A0 65.63%);\n    -webkit-background-clip: text;\n    -webkit-text-fill-color: transparent;\n}\/* End custom CSS *\/<\/style>\t\t<div data-elementor-type=\"loop-item\" data-elementor-id=\"11772\" class=\"elementor elementor-11772 e-loop-item e-loop-item-9846 post-9846 wp_white_paper type-wp_white_paper status-publish has-post-thumbnail hentry language-french\" wpc-filter-elementor-widget=\"1\" data-elementor-post-type=\"elementor_library\" data-custom-edit-handle=\"1\">\n\t\t\t<div class=\"elementor-element elementor-element-69d4484 e-flex e-con-boxed e-con e-parent\" data-id=\"69d4484\" data-element_type=\"container\" data-e-type=\"container\">\n\t\t\t\t\t<div class=\"e-con-inner\">\n\t\t<div class=\"elementor-element elementor-element-92c6ef5 e-con-full e-flex e-con e-child\" data-id=\"92c6ef5\" data-element_type=\"container\" data-e-type=\"container\">\n\t\t<div class=\"elementor-element elementor-element-0d93327 e-con-full e-flex e-con e-child\" data-id=\"0d93327\" data-element_type=\"container\" data-e-type=\"container\" data-settings=\"{&quot;background_background&quot;:&quot;classic&quot;}\">\n\t\t\t\t<\/div>\n\t\t<div class=\"elementor-element elementor-element-ecdb5f6 e-con-full e-flex e-con e-child\" data-id=\"ecdb5f6\" data-element_type=\"container\" data-e-type=\"container\">\n\t\t\t\t<div class=\"elementor-element elementor-element-1cc2213 sectionTitle elementor-widget__width-auto elementor-widget elementor-widget-icon-box\" data-id=\"1cc2213\" data-element_type=\"widget\" data-e-type=\"widget\" data-widget_type=\"icon-box.default\">\n\t\t\t\t\t\t\t<div class=\"elementor-icon-box-wrapper\">\n\n\t\t\t\n\t\t\t\t\t\t<div class=\"elementor-icon-box-content\">\n\n\t\t\t\t\t\t\t\t\t<h3 class=\"elementor-icon-box-title\">\n\t\t\t\t\t\t<a href=\"https:\/\/oxand.com\/fr\/wp_white_paper\/oxand-livre-blanc-transition-energetique\/\" >\n\t\t\t\t\t\t\tOxand &#8211; Livre Blanc &#8211; Transition \u00e9nerg\u00e9tique\t\t\t\t\t\t<\/a>\n\t\t\t\t\t<\/h3>\n\t\t\t\t\n\t\t\t\t\n\t\t\t<\/div>\n\t\t\t\n\t\t<\/div>\n\t\t\t\t\t\t<\/div>\n\t\t\t\t<\/div>\n\t\t\t\t<\/div>\n\t\t\t\t\t<\/div>\n\t\t\t\t<\/div>\n\t\t\t\t<\/div>\n\t\t<style id=\"loop-dynamic-11772\">.e-loop-item-9845 .elementor-element.elementor-element-0d93327:not(.elementor-motion-effects-element-type-background), .e-loop-item-9845 .elementor-element.elementor-element-0d93327 > .elementor-motion-effects-container > .elementor-motion-effects-layer{background-image:url(\"https:\/\/oxand.com\/wp-content\/uploads\/2025\/07\/happy-diverse-female-and-male-businesspeople-talking-and-working-in-office.jpg\");}<\/style>\t\t<div data-elementor-type=\"loop-item\" data-elementor-id=\"11772\" class=\"elementor elementor-11772 e-loop-item e-loop-item-9845 post-9845 wp_white_paper type-wp_white_paper status-publish has-post-thumbnail hentry language-french\" wpc-filter-elementor-widget=\"1\" data-elementor-post-type=\"elementor_library\" data-custom-edit-handle=\"1\">\n\t\t\t<div class=\"elementor-element elementor-element-69d4484 e-flex e-con-boxed e-con e-parent\" data-id=\"69d4484\" data-element_type=\"container\" data-e-type=\"container\">\n\t\t\t\t\t<div class=\"e-con-inner\">\n\t\t<div class=\"elementor-element elementor-element-92c6ef5 e-con-full e-flex e-con e-child\" data-id=\"92c6ef5\" data-element_type=\"container\" data-e-type=\"container\">\n\t\t<div class=\"elementor-element elementor-element-0d93327 e-con-full e-flex e-con e-child\" data-id=\"0d93327\" data-element_type=\"container\" data-e-type=\"container\" data-settings=\"{&quot;background_background&quot;:&quot;classic&quot;}\">\n\t\t\t\t<\/div>\n\t\t<div class=\"elementor-element elementor-element-ecdb5f6 e-con-full e-flex e-con e-child\" data-id=\"ecdb5f6\" data-element_type=\"container\" data-e-type=\"container\">\n\t\t\t\t<div class=\"elementor-element elementor-element-1cc2213 sectionTitle elementor-widget__width-auto elementor-widget elementor-widget-icon-box\" data-id=\"1cc2213\" data-element_type=\"widget\" data-e-type=\"widget\" data-widget_type=\"icon-box.default\">\n\t\t\t\t\t\t\t<div class=\"elementor-icon-box-wrapper\">\n\n\t\t\t\n\t\t\t\t\t\t<div class=\"elementor-icon-box-content\">\n\n\t\t\t\t\t\t\t\t\t<h3 class=\"elementor-icon-box-title\">\n\t\t\t\t\t\t<a href=\"https:\/\/oxand.com\/fr\/wp_white_paper\/oxand-brochure-bailleurs-sociaux\/\" >\n\t\t\t\t\t\t\tOxand Livre blanc Bailleurs Sociaux\t\t\t\t\t\t<\/a>\n\t\t\t\t\t<\/h3>\n\t\t\t\t\n\t\t\t\t\n\t\t\t<\/div>\n\t\t\t\n\t\t<\/div>\n\t\t\t\t\t\t<\/div>\n\t\t\t\t<\/div>\n\t\t\t\t<\/div>\n\t\t\t\t\t<\/div>\n\t\t\t\t<\/div>\n\t\t\t\t<\/div>\n\t\t<style id=\"loop-dynamic-11772\">.e-loop-item-9844 .elementor-element.elementor-element-0d93327:not(.elementor-motion-effects-element-type-background), .e-loop-item-9844 .elementor-element.elementor-element-0d93327 > .elementor-motion-effects-container > .elementor-motion-effects-layer{background-image:url(\"https:\/\/oxand.com\/wp-content\/uploads\/2025\/07\/construction-of-highway-overpass-bridge-infrastructure-in-progress-with-morning-sun-rays.jpg\");}<\/style>\t\t<div data-elementor-type=\"loop-item\" data-elementor-id=\"11772\" class=\"elementor elementor-11772 e-loop-item e-loop-item-9844 post-9844 wp_white_paper type-wp_white_paper status-publish has-post-thumbnail hentry language-french\" wpc-filter-elementor-widget=\"1\" data-elementor-post-type=\"elementor_library\" data-custom-edit-handle=\"1\">\n\t\t\t<div class=\"elementor-element elementor-element-69d4484 e-flex e-con-boxed e-con e-parent\" data-id=\"69d4484\" data-element_type=\"container\" data-e-type=\"container\">\n\t\t\t\t\t<div class=\"e-con-inner\">\n\t\t<div class=\"elementor-element elementor-element-92c6ef5 e-con-full e-flex e-con e-child\" data-id=\"92c6ef5\" data-element_type=\"container\" data-e-type=\"container\">\n\t\t<div class=\"elementor-element elementor-element-0d93327 e-con-full e-flex e-con e-child\" data-id=\"0d93327\" data-element_type=\"container\" data-e-type=\"container\" data-settings=\"{&quot;background_background&quot;:&quot;classic&quot;}\">\n\t\t\t\t<\/div>\n\t\t<div class=\"elementor-element elementor-element-ecdb5f6 e-con-full e-flex e-con e-child\" data-id=\"ecdb5f6\" data-element_type=\"container\" data-e-type=\"container\">\n\t\t\t\t<div class=\"elementor-element elementor-element-1cc2213 sectionTitle elementor-widget__width-auto elementor-widget elementor-widget-icon-box\" data-id=\"1cc2213\" data-element_type=\"widget\" data-e-type=\"widget\" data-widget_type=\"icon-box.default\">\n\t\t\t\t\t\t\t<div class=\"elementor-icon-box-wrapper\">\n\n\t\t\t\n\t\t\t\t\t\t<div class=\"elementor-icon-box-content\">\n\n\t\t\t\t\t\t\t\t\t<h3 class=\"elementor-icon-box-title\">\n\t\t\t\t\t\t<a href=\"https:\/\/oxand.com\/fr\/wp_white_paper\/livre-blanc-infrastructures\/\" >\n\t\t\t\t\t\t\tLivre blanc Infrastructures\t\t\t\t\t\t<\/a>\n\t\t\t\t\t<\/h3>\n\t\t\t\t\n\t\t\t\t\n\t\t\t<\/div>\n\t\t\t\n\t\t<\/div>\n\t\t\t\t\t\t<\/div>\n\t\t\t\t<\/div>\n\t\t\t\t<\/div>\n\t\t\t\t\t<\/div>\n\t\t\t\t<\/div>\n\t\t\t\t<\/div>\n\t\t\t\t<\/div>\n\t\t\n\t\t\t\t\t\t<\/div>\n\t\t\t\t<\/div>\n\t\t\t\t\t<\/div>\n\t\t\t\t<\/div>\n\t\t\t\t<\/div>\n\t\t","protected":false},"excerpt":{"rendered":"<p>Perspectives et meilleures pratiques Perspectives et meilleures pratiques Explorez nos livres blancs B\u00e9n\u00e9ficiez d'avis d'experts sur la gestion des actifs, la strat\u00e9gie \u00e9nerg\u00e9tique et la transformation num\u00e9rique. Plongez dans des analyses approfondies, des exemples de r\u00e9ussite et des conseils strat\u00e9giques des \u00e9quipes qui fa\u00e7onnent l'avenir de l'intelligence des infrastructures.<\/p>","protected":false},"author":4,"featured_media":0,"parent":214,"menu_order":0,"comment_status":"closed","ping_status":"closed","template":"","meta":{"_acf_changed":false,"_seopress_robots_primary_cat":"","_seopress_titles_title":"Asset Management Whitepapers & Practical Guides | Oxand","_seopress_titles_desc":"Download expert guides and whitepapers on lifecycle management, CAPEX optimization and infrastructure performance.","_seopress_robots_index":"","footnotes":""},"class_list":["post-243","page","type-page","status-publish","hentry"],"acf":[],"_links":{"self":[{"href":"https:\/\/oxand.com\/fr\/wp-json\/wp\/v2\/pages\/243","targetHints":{"allow":["GET"]}}],"collection":[{"href":"https:\/\/oxand.com\/fr\/wp-json\/wp\/v2\/pages"}],"about":[{"href":"https:\/\/oxand.com\/fr\/wp-json\/wp\/v2\/types\/page"}],"author":[{"embeddable":true,"href":"https:\/\/oxand.com\/fr\/wp-json\/wp\/v2\/users\/4"}],"replies":[{"embeddable":true,"href":"https:\/\/oxand.com\/fr\/wp-json\/wp\/v2\/comments?post=243"}],"version-history":[{"count":4,"href":"https:\/\/oxand.com\/fr\/wp-json\/wp\/v2\/pages\/243\/revisions"}],"predecessor-version":[{"id":13930,"href":"https:\/\/oxand.com\/fr\/wp-json\/wp\/v2\/pages\/243\/revisions\/13930"}],"up":[{"embeddable":true,"href":"https:\/\/oxand.com\/fr\/wp-json\/wp\/v2\/pages\/214"}],"wp:attachment":[{"href":"https:\/\/oxand.com\/fr\/wp-json\/wp\/v2\/media?parent=243"}],"curies":[{"name":"wp","href":"https:\/\/api.w.org\/{rel}","templated":true}]}}