{"id":12706,"date":"2026-01-12T11:10:21","date_gmt":"2026-01-12T11:10:21","guid":{"rendered":"https:\/\/oxand.com\/?page_id=12706"},"modified":"2026-02-06T15:17:03","modified_gmt":"2026-02-06T15:17:03","slug":"formazione","status":"publish","type":"page","link":"https:\/\/oxand.com\/it\/formation\/","title":{"rendered":"Formazione"},"content":{"rendered":"\t\t<div data-elementor-type=\"wp-page\" data-elementor-id=\"12706\" class=\"elementor elementor-12706\" wpc-filter-elementor-widget=\"1\" data-elementor-post-type=\"page\">\n\t\t\t\t<div class=\"elementor-element elementor-element-0f16a06 e-flex e-con-boxed e-con e-parent\" data-id=\"0f16a06\" data-element_type=\"container\" data-e-type=\"container\" data-settings=\"{&quot;background_background&quot;:&quot;classic&quot;}\">\n\t\t\t\t\t<div class=\"e-con-inner\">\n\t\t<div class=\"elementor-element elementor-element-3fd0e55 e-con-full e-flex e-con e-child\" data-id=\"3fd0e55\" data-element_type=\"container\" data-e-type=\"container\">\n\t\t\t\t<div class=\"elementor-element elementor-element-58ef12d elementor-invisible elementor-widget elementor-widget-text-editor\" data-id=\"58ef12d\" data-element_type=\"widget\" data-e-type=\"widget\" data-settings=\"{&quot;_animation&quot;:&quot;fadeIn&quot;}\" data-widget_type=\"text-editor.default\">\n\t\t\t\t\t\t\t\t\t<p>Formation<\/p>\t\t\t\t\t\t\t\t<\/div>\n\t\t\t\t<div class=\"elementor-element elementor-element-259bfe8 elementor-widget__width-initial elementor-invisible elementor-widget elementor-widget-heading\" data-id=\"259bfe8\" data-element_type=\"widget\" data-e-type=\"widget\" data-settings=\"{&quot;_animation&quot;:&quot;fadeIn&quot;,&quot;_animation_delay&quot;:200}\" data-widget_type=\"heading.default\">\n\t\t\t\t\t<h1 class=\"elementor-heading-title elementor-size-default\">Ma\u00eetrisez l'Asset Management avec la formation Oxand<\/h1>\t\t\t\t<\/div>\n\t\t\t\t<div class=\"elementor-element elementor-element-5a620b0 elementor-widget__width-initial elementor-invisible elementor-widget elementor-widget-text-editor\" data-id=\"5a620b0\" data-element_type=\"widget\" data-e-type=\"widget\" data-settings=\"{&quot;_animation&quot;:&quot;fadeIn&quot;,&quot;_animation_delay&quot;:400}\" data-widget_type=\"text-editor.default\">\n\t\t\t\t\t\t\t\t\t<p>D\u00e9veloppez une gestion d\u2019actifs performante et durable gr\u00e2ce \u00e0 une formation experte, alliant retours d\u2019exp\u00e9rience terrain, business game et cas d\u2019usage concrets avec <strong data-start=\"415\" data-end=\"431\">Oxand Simeo\u2122<\/strong>.<\/p>\t\t\t\t\t\t\t\t<\/div>\n\t\t\t\t<\/div>\n\t\t\t\t\t<\/div>\n\t\t\t\t<\/div>\n\t\t<div class=\"elementor-element elementor-element-4c6902c e-flex e-con-boxed e-con e-parent\" data-id=\"4c6902c\" data-element_type=\"container\" data-e-type=\"container\">\n\t\t\t\t\t<div class=\"e-con-inner\">\n\t\t<div class=\"elementor-element elementor-element-a4ffdab e-con-full e-flex e-con e-child\" data-id=\"a4ffdab\" data-element_type=\"container\" data-e-type=\"container\">\n\t\t<div class=\"elementor-element elementor-element-adc2bcf e-con-full e-flex e-con e-child\" data-id=\"adc2bcf\" data-element_type=\"container\" data-e-type=\"container\">\n\t\t<div class=\"elementor-element elementor-element-d302f22 e-con-full e-flex e-con e-child\" data-id=\"d302f22\" data-element_type=\"container\" data-e-type=\"container\">\n\t\t\t\t<div class=\"elementor-element elementor-element-7684c85 elementor-widget elementor-widget-heading\" data-id=\"7684c85\" data-element_type=\"widget\" data-e-type=\"widget\" data-widget_type=\"heading.default\">\n\t\t\t\t\t<h1 class=\"elementor-heading-title elementor-size-default\">Oxand vous propose une formation d\u00e9di\u00e9e \u00e0 l'Asset Management <br><\/h1>\t\t\t\t<\/div>\n\t\t\t\t<div class=\"elementor-element elementor-element-d8fa43f elementor-widget__width-initial elementor-invisible elementor-widget elementor-widget-text-editor\" data-id=\"d8fa43f\" data-element_type=\"widget\" data-e-type=\"widget\" data-settings=\"{&quot;_animation&quot;:&quot;fadeIn&quot;,&quot;_animation_delay&quot;:400}\" data-widget_type=\"text-editor.default\">\n\t\t\t\t\t\t\t\t\t<p>Des formateurs hautement qualifi\u00e9s disposant d&#8217;un fort retour d&#8217;exp\u00e9rience client<br \/><strong>Dates : 17 &#8211; 18 mars \/ 6-7 octobre \/ 17-18 juin<\/strong><br \/>Programme sur 2 jours &#8211; soit 14 heures de formation. En pr\u00e9sentiel \u00e0 Paris.\u00a0 \u00a0\u00a0<\/p>\t\t\t\t\t\t\t\t<\/div>\n\t\t\t\t<div class=\"elementor-element elementor-element-7a6180f elementor-widget elementor-widget-heading\" data-id=\"7a6180f\" data-element_type=\"widget\" data-e-type=\"widget\" data-widget_type=\"heading.default\">\n\t\t\t\t\t<h2 class=\"elementor-heading-title elementor-size-default\">Jour 1 : <\/h2>\t\t\t\t<\/div>\n\t\t\t\t<div class=\"elementor-element elementor-element-b10e64b elementor-widget__width-initial elementor-invisible elementor-widget elementor-widget-text-editor\" data-id=\"b10e64b\" data-element_type=\"widget\" data-e-type=\"widget\" data-settings=\"{&quot;_animation&quot;:&quot;fadeIn&quot;,&quot;_animation_delay&quot;:400}\" data-widget_type=\"text-editor.default\">\n\t\t\t\t\t\t\t\t\t<ul><li>Business Game &#8211; Asset Management<\/li><li>Introduction \u00e0 la norme ISO 55 000 &#8211; Gestion d&#8217;actifs<\/li><li>Les fondamentaux de la gestion des risques et opportunit\u00e9s<\/li><\/ul>\t\t\t\t\t\t\t\t<\/div>\n\t\t\t\t<div class=\"elementor-element elementor-element-db8e138 elementor-widget elementor-widget-heading\" data-id=\"db8e138\" data-element_type=\"widget\" data-e-type=\"widget\" data-widget_type=\"heading.default\">\n\t\t\t\t\t<h2 class=\"elementor-heading-title elementor-size-default\">Jour 2 : <\/h2>\t\t\t\t<\/div>\n\t\t\t\t<div class=\"elementor-element elementor-element-6dd63c8 elementor-widget__width-initial elementor-invisible elementor-widget elementor-widget-text-editor\" data-id=\"6dd63c8\" data-element_type=\"widget\" data-e-type=\"widget\" data-settings=\"{&quot;_animation&quot;:&quot;fadeIn&quot;,&quot;_animation_delay&quot;:400}\" data-widget_type=\"text-editor.default\">\n\t\t\t\t\t\t\t\t\t<ul><li>Les fondamentaux de la gestion du cycle de vie des actifs<\/li><li>Elaboration des Plans Pluriannuels d&#8217;Investissements des actifs<\/li><li>Cas d&#8217;usage avec Oxand Simeo\u2122 pour l&#8217;aide \u00e0 la d\u00e9cision<\/li><li>REX des bonnes pratiques<\/li><li>Synth\u00e8se de la formation<\/li><\/ul>\t\t\t\t\t\t\t\t<\/div>\n\t\t\t\t<div class=\"elementor-element elementor-element-4b47ed1 elementor-widget elementor-widget-heading\" data-id=\"4b47ed1\" data-element_type=\"widget\" data-e-type=\"widget\" data-widget_type=\"heading.default\">\n\t\t\t\t\t<h2 class=\"elementor-heading-title elementor-size-default\">TARIFS : 1800\u20ac HT par personne<\/h2>\t\t\t\t<\/div>\n\t\t\t\t<div class=\"elementor-element elementor-element-d3d6cfe elementor-widget__width-initial elementor-invisible elementor-widget elementor-widget-text-editor\" data-id=\"d3d6cfe\" data-element_type=\"widget\" data-e-type=\"widget\" data-settings=\"{&quot;_animation&quot;:&quot;fadeIn&quot;,&quot;_animation_delay&quot;:400}\" data-widget_type=\"text-editor.default\">\n\t\t\t\t\t\t\t\t\t<p>L&#8217;\u00e9valuation repose sur l&#8217;assiduit\u00e9.<\/p><p>Si vous \u00eates en situation de handicap, veuillez nous contacter par mail : contact@oxand.com<\/p><p>Vous pouvez vous pr\u00e9inscrire en compl\u00e9tant le formulaire ci joint. Les inscriptions sont ouvertes jusqu&#8217;\u00e0 2 semaines de la date de la formation.\u00a0<\/p><p><strong>Indicateur de performance :\u00a0<\/strong><\/p><ul><li>100% d&#8217;assiduit\u00e9<\/li><li>appr\u00e9ciation globale des participants : 3.3\/4<\/li><li>\u00e9valuation de l&#8217;atteinte des objectifs par les participants : 8.2\/10\u00a0<\/li><\/ul>\t\t\t\t\t\t\t\t<\/div>\n\t\t\t\t<\/div>\n\t\t\t\t<\/div>\n\t\t<div class=\"elementor-element elementor-element-b00455d e-con-full e-flex e-con e-child\" data-id=\"b00455d\" data-element_type=\"container\" data-e-type=\"container\" data-settings=\"{&quot;background_background&quot;:&quot;classic&quot;}\">\n\t\t<div class=\"elementor-element elementor-element-58dd948 e-con-full e-flex e-con e-child\" data-id=\"58dd948\" data-element_type=\"container\" data-e-type=\"container\">\n\t\t<div class=\"elementor-element elementor-element-e5cfae7 e-con-full e-flex e-con e-child\" data-id=\"e5cfae7\" data-element_type=\"container\" data-e-type=\"container\">\n\t\t\t\t<div class=\"elementor-element elementor-element-1350c19 elementor-widget elementor-widget-heading\" data-id=\"1350c19\" data-element_type=\"widget\" data-e-type=\"widget\" data-widget_type=\"heading.default\">\n\t\t\t\t\t<h2 class=\"elementor-heading-title elementor-size-default\">Inscrivez-vous d\u00e8s \u00e0 pr\u00e9sent <\/h2>\t\t\t\t<\/div>\n\t\t\t\t<div class=\"elementor-element elementor-element-7e666ae elementor-widget elementor-widget-heading\" data-id=\"7e666ae\" data-element_type=\"widget\" data-e-type=\"widget\" data-widget_type=\"heading.default\">\n\t\t\t\t\t<h2 class=\"elementor-heading-title elementor-size-default\">Les inscriptions sont ouvertes jusqu'\u00e0 2 semaines avant la date de la formation<\/h2>\t\t\t\t<\/div>\n\t\t\t\t<\/div>\n\t\t\t\t<div class=\"elementor-element elementor-element-d2e4f67 elementor-button-align-stretch elementor-widget elementor-widget-form\" data-id=\"d2e4f67\" data-element_type=\"widget\" data-e-type=\"widget\" data-settings=\"{&quot;step_next_label&quot;:&quot;Next&quot;,&quot;step_previous_label&quot;:&quot;Previous&quot;,&quot;button_width&quot;:&quot;100&quot;,&quot;step_type&quot;:&quot;number_text&quot;,&quot;step_icon_shape&quot;:&quot;circle&quot;}\" data-widget_type=\"form.default\">\n\t\t\t\t\t\t\t<form class=\"elementor-form\" method=\"post\" name=\"Formation Form\" aria-label=\"Formation Form\">\n\t\t\t<input type=\"hidden\" name=\"post_id\" value=\"12706\"\/>\n\t\t\t<input type=\"hidden\" name=\"form_id\" value=\"d2e4f67\"\/>\n\t\t\t<input type=\"hidden\" name=\"referer_title\" value=\"\" \/>\n\n\t\t\t\n\t\t\t<div class=\"elementor-form-fields-wrapper elementor-labels-\">\n\t\t\t\t\t\t\t\t<div class=\"elementor-field-type-text elementor-field-group elementor-column elementor-field-group-name elementor-col-100 elementor-field-required\">\n\t\t\t\t\t\t\t\t\t\t\t\t<label for=\"form-field-name\" class=\"elementor-field-label elementor-screen-only\">\n\t\t\t\t\t\t\t\tPr\u00e9nom\t\t\t\t\t\t\t<\/label>\n\t\t\t\t\t\t\t\t\t\t\t\t\t\t<input size=\"1\" type=\"text\" name=\"form_fields[name]\" id=\"form-field-name\" class=\"elementor-field elementor-size-md  elementor-field-textual\" placeholder=\"Pr\u00e9nom\" required=\"required\">\n\t\t\t\t\t\t\t\t\t\t\t<\/div>\n\t\t\t\t\t\t\t\t<div class=\"elementor-field-type-text elementor-field-group elementor-column elementor-field-group-field_51e14c3 elementor-col-100 elementor-field-required\">\n\t\t\t\t\t\t\t\t\t\t\t\t<label for=\"form-field-field_51e14c3\" class=\"elementor-field-label elementor-screen-only\">\n\t\t\t\t\t\t\t\tNom\t\t\t\t\t\t\t<\/label>\n\t\t\t\t\t\t\t\t\t\t\t\t\t\t<input size=\"1\" type=\"text\" name=\"form_fields[field_51e14c3]\" id=\"form-field-field_51e14c3\" class=\"elementor-field elementor-size-md  elementor-field-textual\" placeholder=\"Nom\" required=\"required\">\n\t\t\t\t\t\t\t\t\t\t\t<\/div>\n\t\t\t\t\t\t\t\t<div class=\"elementor-field-type-text elementor-field-group elementor-column elementor-field-group-field_960f399 elementor-col-100\">\n\t\t\t\t\t\t\t\t\t\t\t\t<label for=\"form-field-field_960f399\" class=\"elementor-field-label elementor-screen-only\">\n\t\t\t\t\t\t\t\tSoci\u00e9t\u00e9\t\t\t\t\t\t\t<\/label>\n\t\t\t\t\t\t\t\t\t\t\t\t\t\t<input size=\"1\" type=\"text\" name=\"form_fields[field_960f399]\" id=\"form-field-field_960f399\" class=\"elementor-field elementor-size-md  elementor-field-textual\" placeholder=\"Soci\u00e9t\u00e9\">\n\t\t\t\t\t\t\t\t\t\t\t<\/div>\n\t\t\t\t\t\t\t\t<div class=\"elementor-field-type-text elementor-field-group elementor-column elementor-field-group-field_15a97ba elementor-col-100\">\n\t\t\t\t\t\t\t\t\t\t\t\t<label for=\"form-field-field_15a97ba\" class=\"elementor-field-label elementor-screen-only\">\n\t\t\t\t\t\t\t\tPoste occup\u00e9\t\t\t\t\t\t\t<\/label>\n\t\t\t\t\t\t\t\t\t\t\t\t\t\t<input size=\"1\" type=\"text\" name=\"form_fields[field_15a97ba]\" id=\"form-field-field_15a97ba\" class=\"elementor-field elementor-size-md  elementor-field-textual\" placeholder=\"Poste occup\u00e9\">\n\t\t\t\t\t\t\t\t\t\t\t<\/div>\n\t\t\t\t\t\t\t\t<div class=\"elementor-field-type-email elementor-field-group elementor-column elementor-field-group-email elementor-col-100 elementor-field-required\">\n\t\t\t\t\t\t\t\t\t\t\t\t<label for=\"form-field-email\" class=\"elementor-field-label elementor-screen-only\">\n\t\t\t\t\t\t\t\tEmail\t\t\t\t\t\t\t<\/label>\n\t\t\t\t\t\t\t\t\t\t\t\t\t\t<input size=\"1\" type=\"email\" name=\"form_fields[email]\" id=\"form-field-email\" class=\"elementor-field elementor-size-md  elementor-field-textual\" placeholder=\"Email\" required=\"required\">\n\t\t\t\t\t\t\t\t\t\t\t<\/div>\n\t\t\t\t\t\t\t\t<div class=\"elementor-field-type-select elementor-field-group elementor-column elementor-field-group-field_a154164 elementor-col-100 elementor-field-required\">\n\t\t\t\t\t\t\t\t\t\t\t\t<label for=\"form-field-field_a154164\" class=\"elementor-field-label elementor-screen-only\">\n\t\t\t\t\t\t\t\tSession \t\t\t\t\t\t\t<\/label>\n\t\t\t\t\t\t\t\t<div class=\"elementor-field elementor-select-wrapper remove-before \">\n\t\t\t<div class=\"select-caret-down-wrapper\">\n\t\t\t\t<svg aria-hidden=\"true\" class=\"e-font-icon-svg e-eicon-caret-down\" viewBox=\"0 0 571.4 571.4\" xmlns=\"http:\/\/www.w3.org\/2000\/svg\"><path d=\"M571 393Q571 407 561 418L311 668Q300 679 286 679T261 668L11 418Q0 407 0 393T11 368 36 357H536Q550 357 561 368T571 393Z\"><\/path><\/svg>\t\t\t<\/div>\n\t\t\t<select name=\"form_fields[field_a154164]\" id=\"form-field-field_a154164\" class=\"elementor-field-textual elementor-size-md\" required=\"required\">\n\t\t\t\t\t\t\t\t\t<option value=\"A quelle section session souhaitez-vous participer ?  \">A quelle section session souhaitez-vous participer ?  <\/option>\n\t\t\t\t\t\t\t\t\t<option value=\"17 - 18 mars\">17 - 18 mars<\/option>\n\t\t\t\t\t\t\t\t\t<option value=\"6 - 7 octobre\">6 - 7 octobre<\/option>\n\t\t\t\t\t\t\t\t\t<option value=\"17-18 juin\">17-18 juin<\/option>\n\t\t\t\t\t\t\t\t\t<option value=\"\"><\/option>\n\t\t\t\t\t\t\t<\/select>\n\t\t<\/div>\n\t\t\t\t\t\t<\/div>\n\t\t\t\t\t\t\t\t<div class=\"elementor-field-type-acceptance elementor-field-group elementor-column elementor-field-group-field_966ca3f elementor-col-100 elementor-field-required\">\n\t\t\t\t\t\t\t\t\t\t\t\t<label for=\"form-field-field_966ca3f\" class=\"elementor-field-label elementor-screen-only\">\n\t\t\t\t\t\t\t\tConsentement\t\t\t\t\t\t\t<\/label>\n\t\t\t\t\t\t\t\t<div class=\"elementor-field-subgroup\">\n\t\t\t<span class=\"elementor-field-option\">\n\t\t\t\t<input type=\"checkbox\" name=\"form_fields[field_966ca3f]\" id=\"form-field-field_966ca3f\" class=\"elementor-field elementor-size-md  elementor-acceptance-field\" required=\"required\">\n\t\t\t\t<label for=\"form-field-field_966ca3f\">Je comprends qu'Oxand peut enregistrer et utiliser les informations que j'ai fournis pour me contacter. Je peux r\u00e9voquer ce consentement \u00e0 tout moment en contactant dpo@oxand.com<\/label>\t\t\t<\/span>\n\t\t<\/div>\n\t\t\t\t\t\t<\/div>\n\t\t\t\t\t\t\t\t<div class=\"elementor-field-group elementor-column elementor-field-type-submit elementor-col-100 e-form__buttons\">\n\t\t\t\t\t<button class=\"elementor-button elementor-size-sm elementor-animation-float\" type=\"submit\">\n\t\t\t\t\t\t<span class=\"elementor-button-content-wrapper\">\n\t\t\t\t\t\t\t\t\t\t\t\t\t\t\t\t\t\t\t\t\t\t<span class=\"elementor-button-text\">Je m'inscris<\/span>\n\t\t\t\t\t\t\t\t\t\t\t\t\t<\/span>\n\t\t\t\t\t<\/button>\n\t\t\t\t<\/div>\n\t\t\t<\/div>\n\t\t<\/form>\n\t\t\t\t\t\t<\/div>\n\t\t\t\t<\/div>\n\t\t\t\t<\/div>\n\t\t\t\t<\/div>\n\t\t\t\t\t<\/div>\n\t\t\t\t<\/div>\n\t\t\t\t<\/div>\n\t\t","protected":false},"excerpt":{"rendered":"<p>Formation Ma\u00eetrisez l&#8217;Asset Management avec la formation Oxand D\u00e9veloppez une gestion d\u2019actifs performante et durable gr\u00e2ce \u00e0 une formation experte, alliant retours d\u2019exp\u00e9rience terrain, business game et cas d\u2019usage concrets avec Oxand Simeo\u2122. Oxand vous propose une formation d\u00e9di\u00e9e \u00e0 l&#8217;Asset Management Des formateurs hautement qualifi\u00e9s disposant d&#8217;un fort retour d&#8217;exp\u00e9rience clientDates : 17 &#8211; [&hellip;]<\/p>\n","protected":false},"author":4,"featured_media":0,"parent":0,"menu_order":0,"comment_status":"closed","ping_status":"closed","template":"","meta":{"_acf_changed":false,"_seopress_robots_primary_cat":"","_seopress_titles_title":"","_seopress_titles_desc":"","_seopress_robots_index":"","footnotes":""},"class_list":["post-12706","page","type-page","status-publish","hentry"],"acf":[],"_links":{"self":[{"href":"https:\/\/oxand.com\/it\/wp-json\/wp\/v2\/pages\/12706","targetHints":{"allow":["GET"]}}],"collection":[{"href":"https:\/\/oxand.com\/it\/wp-json\/wp\/v2\/pages"}],"about":[{"href":"https:\/\/oxand.com\/it\/wp-json\/wp\/v2\/types\/page"}],"author":[{"embeddable":true,"href":"https:\/\/oxand.com\/it\/wp-json\/wp\/v2\/users\/4"}],"replies":[{"embeddable":true,"href":"https:\/\/oxand.com\/it\/wp-json\/wp\/v2\/comments?post=12706"}],"version-history":[{"count":3,"href":"https:\/\/oxand.com\/it\/wp-json\/wp\/v2\/pages\/12706\/revisions"}],"predecessor-version":[{"id":12959,"href":"https:\/\/oxand.com\/it\/wp-json\/wp\/v2\/pages\/12706\/revisions\/12959"}],"wp:attachment":[{"href":"https:\/\/oxand.com\/it\/wp-json\/wp\/v2\/media?parent=12706"}],"curies":[{"name":"wp","href":"https:\/\/api.w.org\/{rel}","templated":true}]}}