{"id":14512,"date":"2026-04-24T16:47:30","date_gmt":"2026-04-24T16:47:30","guid":{"rendered":"https:\/\/oxand.com\/?page_id=14512"},"modified":"2026-04-24T20:31:09","modified_gmt":"2026-04-24T20:31:09","slug":"privacybeleid","status":"publish","type":"page","link":"https:\/\/oxand.com\/nl\/privacy-policy\/","title":{"rendered":"Privacybeleid"},"content":{"rendered":"<div data-elementor-type=\"wp-page\" data-elementor-id=\"14512\" class=\"elementor elementor-14512\" wpc-filter-elementor-widget=\"1\" data-elementor-post-type=\"page\">\n\t\t\t\t<div class=\"elementor-element elementor-element-d537ef6 e-flex e-con-boxed e-con e-parent\" data-id=\"d537ef6\" data-element_type=\"container\" data-e-type=\"container\" data-settings=\"{&quot;background_background&quot;:&quot;classic&quot;}\">\n\t\t\t\t\t<div class=\"e-con-inner\">\n\t\t<div class=\"elementor-element elementor-element-7dd4193 e-con-full e-flex e-con e-child\" data-id=\"7dd4193\" data-element_type=\"container\" data-e-type=\"container\">\n\t\t\t\t<div class=\"elementor-element elementor-element-8f2b5c1 elementor-invisible elementor-widget elementor-widget-text-editor\" data-id=\"8f2b5c1\" data-element_type=\"widget\" data-e-type=\"widget\" data-settings=\"{&quot;_animation&quot;:&quot;fadeIn&quot;}\" data-widget_type=\"text-editor.default\">\n\t\t\t\t\t\t\t\t\t<p>Persoonlijke gegevens - Gegevensverzameling door OXAND<\/p>\t\t\t\t\t\t\t\t<\/div>\n\t\t\t\t<div class=\"elementor-element elementor-element-9aac9d1 elementor-widget__width-initial oxand-h2 elementor-invisible elementor-widget elementor-widget-heading\" data-id=\"9aac9d1\" data-element_type=\"widget\" data-e-type=\"widget\" data-settings=\"{&quot;_animation&quot;:&quot;fadeIn&quot;,&quot;_animation_delay&quot;:200}\" data-widget_type=\"heading.default\">\n\t\t\t\t\t<h1 class=\"elementor-heading-title elementor-size-default\">Privacybeleid <\/h1>\t\t\t\t<\/div>\n\t\t\t\t<div class=\"elementor-element elementor-element-76be209 elementor-widget__width-initial elementor-invisible elementor-widget elementor-widget-text-editor\" data-id=\"76be209\" data-element_type=\"widget\" data-e-type=\"widget\" data-settings=\"{&quot;_animation&quot;:&quot;fadeIn&quot;,&quot;_animation_delay&quot;:400}\" data-widget_type=\"text-editor.default\">\n\t\t\t\t\t\t\t\t\t<p>5 december 2025<\/p><p><br \/>Dit document is bedoeld om zo transparant mogelijk uit te leggen hoe wij uw gegevens verwerken wanneer u de website van OXAND bezoekt en wanneer u een formulier invult om een demo aan te vragen of contact op te nemen met een expert.<br \/>Wat cookies betreft, verwijzen wij u specifiek naar ons cookiebeleid.<\/p>\t\t\t\t\t\t\t\t<\/div>\n\t\t\t\t<\/div>\n\t\t\t\t\t<\/div>\n\t\t\t\t<\/div>\n\t\t<div class=\"elementor-element elementor-element-adca596 e-flex e-con-boxed e-con e-parent\" data-id=\"adca596\" data-element_type=\"container\" data-e-type=\"container\" data-settings=\"{&quot;background_background&quot;:&quot;classic&quot;}\">\n\t\t\t\t\t<div class=\"e-con-inner\">\n\t\t\t\t<div class=\"elementor-element elementor-element-af0439c elementor-widget elementor-widget-spacer\" data-id=\"af0439c\" data-element_type=\"widget\" data-e-type=\"widget\" data-widget_type=\"spacer.default\">\n\t\t\t\t\t\t\t<div class=\"elementor-spacer\">\n\t\t\t<div class=\"elementor-spacer-inner\"><\/div>\n\t\t<\/div>\n\t\t\t\t\t\t<\/div>\n\t\t\t\t<div class=\"elementor-element elementor-element-c97fc48 elementor-widget__width-inherit elementor-invisible elementor-widget elementor-widget-heading\" data-id=\"c97fc48\" data-element_type=\"widget\" data-e-type=\"widget\" data-settings=\"{&quot;_animation&quot;:&quot;fadeIn&quot;,&quot;_animation_delay&quot;:200}\" data-widget_type=\"heading.default\">\n\t\t\t\t\t<h3 class=\"elementor-heading-title elementor-size-default\">1. Doel en rechtsgrondslag<\/h3>\t\t\t\t<\/div>\n\t\t\t\t<div class=\"elementor-element elementor-element-f35eaf3 elementor-widget__width-inherit elementor-invisible elementor-widget elementor-widget-text-editor\" data-id=\"f35eaf3\" data-element_type=\"widget\" data-e-type=\"widget\" data-settings=\"{&quot;_animation&quot;:&quot;fadeIn&quot;,&quot;_animation_delay&quot;:400}\" data-widget_type=\"text-editor.default\">\n\t\t\t\t\t\t\t\t\t<p>Het doel van deze verwerking is om ons in staat te stellen contact met u op te nemen om u een demonstratie of persoonlijk advies te geven, in antwoord op uw verzoek.<\/p><p>Wij kunnen u berichten sturen over ons laatste nieuws. U kunt hier te allen tijde bezwaar tegen maken door contact op te nemen met onze functionaris voor gegevensbescherming, wiens contactgegevens u aan het einde van dit document vindt.<\/p><p>Artikel 6(1)(b) van de Algemene Verordening Gegevensbescherming (GDPR) : Wij verzamelen gegevens via het formulier als onderdeel van precontractuele maatregelen om ons in staat te stellen uw verzoeken te bespreken met het oog op een mogelijk contract.<\/p>\t\t\t\t\t\t\t\t<\/div>\n\t\t\t\t<div class=\"elementor-element elementor-element-da8f2a5 elementor-widget__width-inherit elementor-invisible elementor-widget elementor-widget-heading\" data-id=\"da8f2a5\" data-element_type=\"widget\" data-e-type=\"widget\" data-settings=\"{&quot;_animation&quot;:&quot;fadeIn&quot;,&quot;_animation_delay&quot;:200}\" data-widget_type=\"heading.default\">\n\t\t\t\t\t<h3 class=\"elementor-heading-title elementor-size-default\">2. Categorie\u00ebn van verwerkte gegevens<\/h3>\t\t\t\t<\/div>\n\t\t\t\t<div class=\"elementor-element elementor-element-8d94489 elementor-widget__width-inherit elementor-invisible elementor-widget elementor-widget-text-editor\" data-id=\"8d94489\" data-element_type=\"widget\" data-e-type=\"widget\" data-settings=\"{&quot;_animation&quot;:&quot;fadeIn&quot;,&quot;_animation_delay&quot;:400}\" data-widget_type=\"text-editor.default\">\n\t\t\t\t\t\t\t\t\t<ul><li>Voornaam<\/li><li>Achternaam<\/li><li>E-mailadres<\/li><li>Bedrijfsnaam<\/li><li>Land<\/li><li>Industrie<\/li><li>Projecttype of interessegebied<\/li><li>Gewenste datum en tijd voor de demo<\/li><li>Bericht \/ Aanvullende informatie<\/li><\/ul>\t\t\t\t\t\t\t\t<\/div>\n\t\t\t\t<div class=\"elementor-element elementor-element-c2160eb elementor-widget__width-inherit elementor-invisible elementor-widget elementor-widget-heading\" data-id=\"c2160eb\" data-element_type=\"widget\" data-e-type=\"widget\" data-settings=\"{&quot;_animation&quot;:&quot;fadeIn&quot;,&quot;_animation_delay&quot;:200}\" data-widget_type=\"heading.default\">\n\t\t\t\t\t<h3 class=\"elementor-heading-title elementor-size-default\">2.1. Gegevensbron<\/h3>\t\t\t\t<\/div>\n\t\t\t\t<div class=\"elementor-element elementor-element-ce5acbc elementor-widget__width-inherit elementor-invisible elementor-widget elementor-widget-text-editor\" data-id=\"ce5acbc\" data-element_type=\"widget\" data-e-type=\"widget\" data-settings=\"{&quot;_animation&quot;:&quot;fadeIn&quot;,&quot;_animation_delay&quot;:400}\" data-widget_type=\"text-editor.default\">\n\t\t\t\t\t\t\t\t\t<p>De gegevens worden verzameld op basis van de informatie die wordt verstrekt door personen die informatie willen ontvangen via het contactformulier op de OXAND-website.<br \/>Gegevens kunnen ook verzameld worden tijdens onze communicatie (per telefoon, e-mail of andere middelen).<\/p>\t\t\t\t\t\t\t\t<\/div>\n\t\t\t\t<div class=\"elementor-element elementor-element-cfbf0ca elementor-widget__width-inherit elementor-invisible elementor-widget elementor-widget-heading\" data-id=\"cfbf0ca\" data-element_type=\"widget\" data-e-type=\"widget\" data-settings=\"{&quot;_animation&quot;:&quot;fadeIn&quot;,&quot;_animation_delay&quot;:200}\" data-widget_type=\"heading.default\">\n\t\t\t\t\t<h3 class=\"elementor-heading-title elementor-size-default\">2.2. Verplichte aard van gegevensverzameling<\/h3>\t\t\t\t<\/div>\n\t\t\t\t<div class=\"elementor-element elementor-element-c7eaba7 elementor-widget__width-inherit elementor-invisible elementor-widget elementor-widget-text-editor\" data-id=\"c7eaba7\" data-element_type=\"widget\" data-e-type=\"widget\" data-settings=\"{&quot;_animation&quot;:&quot;fadeIn&quot;,&quot;_animation_delay&quot;:400}\" data-widget_type=\"text-editor.default\">\n\t\t\t\t\t\t\t\t\t<p>De gegevensvelden zijn verplicht: zonder deze informatie kunnen wij geen contact met u opnemen.<\/p>\t\t\t\t\t\t\t\t<\/div>\n\t\t\t\t<div class=\"elementor-element elementor-element-15f03f8 elementor-widget__width-inherit elementor-invisible elementor-widget elementor-widget-heading\" data-id=\"15f03f8\" data-element_type=\"widget\" data-e-type=\"widget\" data-settings=\"{&quot;_animation&quot;:&quot;fadeIn&quot;,&quot;_animation_delay&quot;:200}\" data-widget_type=\"heading.default\">\n\t\t\t\t\t<h3 class=\"elementor-heading-title elementor-size-default\">2.3. Geautomatiseerde besluitvorming<\/h3>\t\t\t\t<\/div>\n\t\t\t\t<div class=\"elementor-element elementor-element-aa8b198 elementor-widget__width-inherit elementor-invisible elementor-widget elementor-widget-text-editor\" data-id=\"aa8b198\" data-element_type=\"widget\" data-e-type=\"widget\" data-settings=\"{&quot;_animation&quot;:&quot;fadeIn&quot;,&quot;_animation_delay&quot;:400}\" data-widget_type=\"text-editor.default\">\n\t\t\t\t\t\t\t\t\t<p>De verwerking omvat niet <span style=\"color: #3366ff;\"><a style=\"color: #3366ff;\" href=\"https:\/\/www.cnil.fr\/fr\/reglement-europeen-protection-donnees\/chapitre3#Article22\">geautomatiseerde besluitvorming<\/a><\/span><\/p>\t\t\t\t\t\t\t\t<\/div>\n\t\t\t\t<div class=\"elementor-element elementor-element-d5903da elementor-widget__width-inherit elementor-invisible elementor-widget elementor-widget-heading\" data-id=\"d5903da\" data-element_type=\"widget\" data-e-type=\"widget\" data-settings=\"{&quot;_animation&quot;:&quot;fadeIn&quot;,&quot;_animation_delay&quot;:200}\" data-widget_type=\"heading.default\">\n\t\t\t\t\t<h3 class=\"elementor-heading-title elementor-size-default\">3.  Ontvangerscategorie\u00ebn<\/h3>\t\t\t\t<\/div>\n\t\t\t\t<div class=\"elementor-element elementor-element-286ee16 elementor-widget__width-inherit elementor-invisible elementor-widget elementor-widget-text-editor\" data-id=\"286ee16\" data-element_type=\"widget\" data-e-type=\"widget\" data-settings=\"{&quot;_animation&quot;:&quot;fadeIn&quot;,&quot;_animation_delay&quot;:400}\" data-widget_type=\"text-editor.default\">\n\t\t\t\t\t\t\t\t\t<p>De gegevens zijn uitsluitend bestemd voor OXAND. Binnen OXAND zijn de ontvangers van de gegevens :<\/p><ul><li><strong>Afdeling Verkoop<\/strong><\/li><li><strong>Afdeling Consulting<\/strong><\/li><li><strong>IT-afdeling<\/strong><\/li><\/ul>\t\t\t\t\t\t\t\t<\/div>\n\t\t\t\t<div class=\"elementor-element elementor-element-0b897de elementor-widget__width-inherit elementor-invisible elementor-widget elementor-widget-heading\" data-id=\"0b897de\" data-element_type=\"widget\" data-e-type=\"widget\" data-settings=\"{&quot;_animation&quot;:&quot;fadeIn&quot;,&quot;_animation_delay&quot;:200}\" data-widget_type=\"heading.default\">\n\t\t\t\t\t<h3 class=\"elementor-heading-title elementor-size-default\">4. Doorgifte van gegevens buiten de EU<\/h3>\t\t\t\t<\/div>\n\t\t\t\t<div class=\"elementor-element elementor-element-ea57d93 elementor-widget__width-inherit elementor-invisible elementor-widget elementor-widget-text-editor\" data-id=\"ea57d93\" data-element_type=\"widget\" data-e-type=\"widget\" data-settings=\"{&quot;_animation&quot;:&quot;fadeIn&quot;,&quot;_animation_delay&quot;:400}\" data-widget_type=\"text-editor.default\">\n\t\t\t\t\t\t\t\t\t<p>Er worden geen gegevens doorgegeven buiten de Europese Unie.<\/p>\t\t\t\t\t\t\t\t<\/div>\n\t\t\t\t<div class=\"elementor-element elementor-element-d39444b elementor-widget__width-inherit elementor-invisible elementor-widget elementor-widget-heading\" data-id=\"d39444b\" data-element_type=\"widget\" data-e-type=\"widget\" data-settings=\"{&quot;_animation&quot;:&quot;fadeIn&quot;,&quot;_animation_delay&quot;:200}\" data-widget_type=\"heading.default\">\n\t\t\t\t\t<h3 class=\"elementor-heading-title elementor-size-default\">5. Bewaarperiode van gegevens<\/h3>\t\t\t\t<\/div>\n\t\t\t\t<div class=\"elementor-element elementor-element-2009b2f elementor-widget__width-inherit elementor-invisible elementor-widget elementor-widget-text-editor\" data-id=\"2009b2f\" data-element_type=\"widget\" data-e-type=\"widget\" data-settings=\"{&quot;_animation&quot;:&quot;fadeIn&quot;,&quot;_animation_delay&quot;:400}\" data-widget_type=\"text-editor.default\">\n\t\t\t\t\t\t\t\t\t<p>Gegevens worden bewaard voor een periode van 3 jaar vanaf de datum van ons laatste contact, en kunnen natuurlijk op uw verzoek eerder worden verwijderd door contact op te nemen met onze functionaris voor gegevensbescherming, wiens contactgegevens u aan het einde van dit document vindt.<\/p>\t\t\t\t\t\t\t\t<\/div>\n\t\t\t\t<div class=\"elementor-element elementor-element-8d4d76b elementor-widget__width-inherit elementor-invisible elementor-widget elementor-widget-heading\" data-id=\"8d4d76b\" data-element_type=\"widget\" data-e-type=\"widget\" data-settings=\"{&quot;_animation&quot;:&quot;fadeIn&quot;,&quot;_animation_delay&quot;:200}\" data-widget_type=\"heading.default\">\n\t\t\t\t\t<h3 class=\"elementor-heading-title elementor-size-default\">6. Beveiliging<\/h3>\t\t\t\t<\/div>\n\t\t\t\t<div class=\"elementor-element elementor-element-dc5a6d6 elementor-widget__width-inherit elementor-invisible elementor-widget elementor-widget-text-editor\" data-id=\"dc5a6d6\" data-element_type=\"widget\" data-e-type=\"widget\" data-settings=\"{&quot;_animation&quot;:&quot;fadeIn&quot;,&quot;_animation_delay&quot;:400}\" data-widget_type=\"text-editor.default\">\n\t\t\t\t\t\t\t\t\t<p>OXAND neemt de nodige maatregelen om de veiligheid en vertrouwelijkheid van uw gegevens te waarborgen, waaronder de implementatie van technische en organisatorische veiligheidsmaatregelen in overeenstemming met de aanbevelingen van de CNIL.<\/p>\t\t\t\t\t\t\t\t<\/div>\n\t\t\t\t<div class=\"elementor-element elementor-element-36fe40d elementor-widget__width-inherit elementor-invisible elementor-widget elementor-widget-heading\" data-id=\"36fe40d\" data-element_type=\"widget\" data-e-type=\"widget\" data-settings=\"{&quot;_animation&quot;:&quot;fadeIn&quot;,&quot;_animation_delay&quot;:200}\" data-widget_type=\"heading.default\">\n\t\t\t\t\t<h3 class=\"elementor-heading-title elementor-size-default\">7. Uw rechten - Contact opnemen met onze functionaris voor gegevensbescherming<\/h3>\t\t\t\t<\/div>\n\t\t\t\t<div class=\"elementor-element elementor-element-68cf78b elementor-widget__width-inherit elementor-invisible elementor-widget elementor-widget-text-editor\" data-id=\"68cf78b\" data-element_type=\"widget\" data-e-type=\"widget\" data-settings=\"{&quot;_animation&quot;:&quot;fadeIn&quot;,&quot;_animation_delay&quot;:400}\" data-widget_type=\"text-editor.default\">\n\t\t\t\t\t\t\t\t\t<p>Vous pouvez acc\u00e9der et obtenir copie des donn\u00e9es vous concernant, vous opposer \u00e0 traitement de ces donn\u00e9es, les faire rectifier ou les faire effacer. U hebt ook het recht om de verwerking van uw gegevens te beperken.<\/p><p>&gt;\u00a0<span style=\"color: #3366ff;\"><a style=\"color: #3366ff;\" href=\"https:\/\/www.cnil.fr\/fr\/comprendre-vos-droits\">Begrijp uw rechten<\/a><\/span><\/p><p>U hebt ook het recht om specifieke en algemene richtlijnen op te stellen met betrekking tot het behoud, de vernietiging en de communicatie van uw postmortale donaties.<\/p><p>De mededeling van specifieke postmortale richtlijnen en de uitoefening van deze rechten geschieden door verzending van een postkoerier aan de functionaris voor gegevensbescherming, waarbij de co\u00f6rdinaten hieronder staan vermeld. Les demandes s'agissant du sort des donn\u00e9es post mortem doivent \u00eatre accompagn\u00e9es d'une copie d'un titre d'identit\u00e9 afin d'\u00eatre trait\u00e9es.<\/p>\t\t\t\t\t\t\t\t<\/div>\n\t\t\t\t<div class=\"elementor-element elementor-element-35e38a9 elementor-widget__width-inherit elementor-invisible elementor-widget elementor-widget-heading\" data-id=\"35e38a9\" data-element_type=\"widget\" data-e-type=\"widget\" data-settings=\"{&quot;_animation&quot;:&quot;fadeIn&quot;,&quot;_animation_delay&quot;:200}\" data-widget_type=\"heading.default\">\n\t\t\t\t\t<h3 class=\"elementor-heading-title elementor-size-default\">7.1. Uw rechten uitoefenen<\/h3>\t\t\t\t<\/div>\n\t\t\t\t<div class=\"elementor-element elementor-element-bc02c96 elementor-widget__width-inherit elementor-invisible elementor-widget elementor-widget-text-editor\" data-id=\"bc02c96\" data-element_type=\"widget\" data-e-type=\"widget\" data-settings=\"{&quot;_animation&quot;:&quot;fadeIn&quot;,&quot;_animation_delay&quot;:400}\" data-widget_type=\"text-editor.default\">\n\t\t\t\t\t\t\t\t\t<p>De functionaris voor gegevensbescherming (Data Protection Officer - DPO) van OXAND is uw contactpersoon voor verzoeken met betrekking tot de uitoefening van uw rechten in verband met deze gegevensverwerking.<\/p><ul><li>Neem per e-mail contact op met de DPO: jad.badr@oxand.com<\/li><li>Neem per e-mail contact op met de DPO:<br \/>- Mr. Jad BADR<br \/>- DPO<br \/>- 198 Frankrijklaan<br \/>- 75013 Parijs<\/li><li>Neem telefonisch contact op met de DPO: 0033 6 68 55 51 65<\/li><\/ul>\t\t\t\t\t\t\t\t<\/div>\n\t\t\t\t<div class=\"elementor-element elementor-element-9bedd1b elementor-widget__width-inherit elementor-invisible elementor-widget elementor-widget-heading\" data-id=\"9bedd1b\" data-element_type=\"widget\" data-e-type=\"widget\" data-settings=\"{&quot;_animation&quot;:&quot;fadeIn&quot;,&quot;_animation_delay&quot;:200}\" data-widget_type=\"heading.default\">\n\t\t\t\t\t<h3 class=\"elementor-heading-title elementor-size-default\">7.2. Klacht bij de CNIL<\/h3>\t\t\t\t<\/div>\n\t\t\t\t<div class=\"elementor-element elementor-element-7690b0a elementor-widget__width-inherit elementor-invisible elementor-widget elementor-widget-text-editor\" data-id=\"7690b0a\" data-element_type=\"widget\" data-e-type=\"widget\" data-settings=\"{&quot;_animation&quot;:&quot;fadeIn&quot;,&quot;_animation_delay&quot;:400}\" data-widget_type=\"text-editor.default\">\n\t\t\t\t\t\t\t\t\t<p>Als u na contact met ons van mening bent dat uw gegevensrechten niet zijn gerespecteerd, kunt u <span style=\"color: #3366ff;\"><a style=\"color: #3366ff;\" href=\"https:\/\/connexion.services.cnil.fr\/login\/?nonce=_3B2D8E159666ECECCFF5256D2E5D7D9F&amp;next=\/idp\/saml2\/continue%3Fnonce%3D_3B2D8E159666ECECCFF5256D2E5D7D9F\">een klacht indienen bij de CNIL<\/a><\/span>.<\/p>\t\t\t\t\t\t\t\t<\/div>\n\t\t\t\t\t<\/div>\n\t\t\t\t<\/div>\n\t\t\t\t<\/div>","protected":false},"excerpt":{"rendered":"<p>Personal Data \u2013 Data Collection by OXAND Privacy Policy December 5, 2025 This document is intended to explain, as transparently as possible, how we process your data when you visit the OXAND website and when you fill out a form to request a demo or contact an expert.Regarding cookies, please refer specifically to our cookie [&hellip;]<\/p>\n","protected":false},"author":4,"featured_media":0,"parent":0,"menu_order":0,"comment_status":"closed","ping_status":"closed","template":"","meta":{"_acf_changed":false,"_seopress_robots_primary_cat":"","_seopress_titles_title":"Privacy Policy | Oxand","_seopress_titles_desc":"Learn how Oxand collects, uses, and protects your personal data in accordance with the GDPR. Contact our DPO to exercise your rights.","_seopress_robots_index":"","footnotes":""},"class_list":["post-14512","page","type-page","status-publish","hentry"],"acf":[],"_links":{"self":[{"href":"https:\/\/oxand.com\/nl\/wp-json\/wp\/v2\/pages\/14512","targetHints":{"allow":["GET"]}}],"collection":[{"href":"https:\/\/oxand.com\/nl\/wp-json\/wp\/v2\/pages"}],"about":[{"href":"https:\/\/oxand.com\/nl\/wp-json\/wp\/v2\/types\/page"}],"author":[{"embeddable":true,"href":"https:\/\/oxand.com\/nl\/wp-json\/wp\/v2\/users\/4"}],"replies":[{"embeddable":true,"href":"https:\/\/oxand.com\/nl\/wp-json\/wp\/v2\/comments?post=14512"}],"version-history":[{"count":13,"href":"https:\/\/oxand.com\/nl\/wp-json\/wp\/v2\/pages\/14512\/revisions"}],"predecessor-version":[{"id":14536,"href":"https:\/\/oxand.com\/nl\/wp-json\/wp\/v2\/pages\/14512\/revisions\/14536"}],"wp:attachment":[{"href":"https:\/\/oxand.com\/nl\/wp-json\/wp\/v2\/media?parent=14512"}],"curies":[{"name":"wp","href":"https:\/\/api.w.org\/{rel}","templated":true}]}}