{"id":14512,"date":"2026-04-24T16:47:30","date_gmt":"2026-04-24T16:47:30","guid":{"rendered":"https:\/\/oxand.com\/?page_id=14512"},"modified":"2026-04-24T20:31:09","modified_gmt":"2026-04-24T20:31:09","slug":"politica-de-privacidade","status":"publish","type":"page","link":"https:\/\/oxand.com\/pt\/privacy-policy\/","title":{"rendered":"Pol\u00edtica de privacidade"},"content":{"rendered":"<div data-elementor-type=\"wp-page\" data-elementor-id=\"14512\" class=\"elementor elementor-14512\" wpc-filter-elementor-widget=\"1\" data-elementor-post-type=\"page\">\n\t\t\t\t<div class=\"elementor-element elementor-element-d537ef6 e-flex e-con-boxed e-con e-parent\" data-id=\"d537ef6\" data-element_type=\"container\" data-e-type=\"container\" data-settings=\"{&quot;background_background&quot;:&quot;classic&quot;}\">\n\t\t\t\t\t<div class=\"e-con-inner\">\n\t\t<div class=\"elementor-element elementor-element-7dd4193 e-con-full e-flex e-con e-child\" data-id=\"7dd4193\" data-element_type=\"container\" data-e-type=\"container\">\n\t\t\t\t<div class=\"elementor-element elementor-element-8f2b5c1 elementor-invisible elementor-widget elementor-widget-text-editor\" data-id=\"8f2b5c1\" data-element_type=\"widget\" data-e-type=\"widget\" data-settings=\"{&quot;_animation&quot;:&quot;fadeIn&quot;}\" data-widget_type=\"text-editor.default\">\n\t\t\t\t\t\t\t\t\t<p>Dados Pessoais - Recolha de dados pela OXAND<\/p>\t\t\t\t\t\t\t\t<\/div>\n\t\t\t\t<div class=\"elementor-element elementor-element-9aac9d1 elementor-widget__width-initial oxand-h2 elementor-invisible elementor-widget elementor-widget-heading\" data-id=\"9aac9d1\" data-element_type=\"widget\" data-e-type=\"widget\" data-settings=\"{&quot;_animation&quot;:&quot;fadeIn&quot;,&quot;_animation_delay&quot;:200}\" data-widget_type=\"heading.default\">\n\t\t\t\t\t<h1 class=\"elementor-heading-title elementor-size-default\">Pol\u00edtica de privacidade <\/h1>\t\t\t\t<\/div>\n\t\t\t\t<div class=\"elementor-element elementor-element-76be209 elementor-widget__width-initial elementor-invisible elementor-widget elementor-widget-text-editor\" data-id=\"76be209\" data-element_type=\"widget\" data-e-type=\"widget\" data-settings=\"{&quot;_animation&quot;:&quot;fadeIn&quot;,&quot;_animation_delay&quot;:400}\" data-widget_type=\"text-editor.default\">\n\t\t\t\t\t\t\t\t\t<p>5 de dezembro de 2025<\/p><p><br \/>Este documento destina-se a explicar, da forma mais transparente poss\u00edvel, como processamos os seus dados quando visita o website da OXAND e quando preenche um formul\u00e1rio para solicitar uma demonstra\u00e7\u00e3o ou contactar um especialista.<br \/>Relativamente aos cookies, consulte especificamente a nossa pol\u00edtica de cookies.<\/p>\t\t\t\t\t\t\t\t<\/div>\n\t\t\t\t<\/div>\n\t\t\t\t\t<\/div>\n\t\t\t\t<\/div>\n\t\t<div class=\"elementor-element elementor-element-adca596 e-flex e-con-boxed e-con e-parent\" data-id=\"adca596\" data-element_type=\"container\" data-e-type=\"container\" data-settings=\"{&quot;background_background&quot;:&quot;classic&quot;}\">\n\t\t\t\t\t<div class=\"e-con-inner\">\n\t\t\t\t<div class=\"elementor-element elementor-element-af0439c elementor-widget elementor-widget-spacer\" data-id=\"af0439c\" data-element_type=\"widget\" data-e-type=\"widget\" data-widget_type=\"spacer.default\">\n\t\t\t\t\t\t\t<div class=\"elementor-spacer\">\n\t\t\t<div class=\"elementor-spacer-inner\"><\/div>\n\t\t<\/div>\n\t\t\t\t\t\t<\/div>\n\t\t\t\t<div class=\"elementor-element elementor-element-c97fc48 elementor-widget__width-inherit elementor-invisible elementor-widget elementor-widget-heading\" data-id=\"c97fc48\" data-element_type=\"widget\" data-e-type=\"widget\" data-settings=\"{&quot;_animation&quot;:&quot;fadeIn&quot;,&quot;_animation_delay&quot;:200}\" data-widget_type=\"heading.default\">\n\t\t\t\t\t<h3 class=\"elementor-heading-title elementor-size-default\">1. Objetivo e base jur\u00eddica<\/h3>\t\t\t\t<\/div>\n\t\t\t\t<div class=\"elementor-element elementor-element-f35eaf3 elementor-widget__width-inherit elementor-invisible elementor-widget elementor-widget-text-editor\" data-id=\"f35eaf3\" data-element_type=\"widget\" data-e-type=\"widget\" data-settings=\"{&quot;_animation&quot;:&quot;fadeIn&quot;,&quot;_animation_delay&quot;:400}\" data-widget_type=\"text-editor.default\">\n\t\t\t\t\t\t\t\t\t<p>O objetivo deste tratamento \u00e9 permitir-nos entrar em contacto consigo para lhe fornecer uma demonstra\u00e7\u00e3o ou um aconselhamento personalizado, em resposta ao seu pedido.<\/p><p>Podemos enviar-lhe mensagens sobre as nossas \u00faltimas not\u00edcias. Pode opor-se a este envio a qualquer momento, contactando o nosso respons\u00e1vel pela prote\u00e7\u00e3o de dados, cujas informa\u00e7\u00f5es de contacto s\u00e3o fornecidas no final do presente documento.<\/p><p>Artigo 6(1)(b) do Regulamento Geral de Prote\u00e7\u00e3o de Dados (RGPD) : Recolhemos dados atrav\u00e9s do formul\u00e1rio como parte de medidas pr\u00e9-contratuais para nos permitir discutir os seus pedidos com vista a um potencial contrato.<\/p>\t\t\t\t\t\t\t\t<\/div>\n\t\t\t\t<div class=\"elementor-element elementor-element-da8f2a5 elementor-widget__width-inherit elementor-invisible elementor-widget elementor-widget-heading\" data-id=\"da8f2a5\" data-element_type=\"widget\" data-e-type=\"widget\" data-settings=\"{&quot;_animation&quot;:&quot;fadeIn&quot;,&quot;_animation_delay&quot;:200}\" data-widget_type=\"heading.default\">\n\t\t\t\t\t<h3 class=\"elementor-heading-title elementor-size-default\">2. Categorias de dados tratados<\/h3>\t\t\t\t<\/div>\n\t\t\t\t<div class=\"elementor-element elementor-element-8d94489 elementor-widget__width-inherit elementor-invisible elementor-widget elementor-widget-text-editor\" data-id=\"8d94489\" data-element_type=\"widget\" data-e-type=\"widget\" data-settings=\"{&quot;_animation&quot;:&quot;fadeIn&quot;,&quot;_animation_delay&quot;:400}\" data-widget_type=\"text-editor.default\">\n\t\t\t\t\t\t\t\t\t<ul><li>Nome pr\u00f3prio<\/li><li>Apelido<\/li><li>Endere\u00e7o de correio eletr\u00f3nico<\/li><li>Nome da empresa<\/li><li>Pa\u00eds<\/li><li>Ind\u00fastria<\/li><li>Tipo de projeto ou \u00e1rea de interesse<\/li><li>Data e hora preferidas para a demonstra\u00e7\u00e3o<\/li><li>Mensagem \/ Informa\u00e7\u00f5es adicionais<\/li><\/ul>\t\t\t\t\t\t\t\t<\/div>\n\t\t\t\t<div class=\"elementor-element elementor-element-c2160eb elementor-widget__width-inherit elementor-invisible elementor-widget elementor-widget-heading\" data-id=\"c2160eb\" data-element_type=\"widget\" data-e-type=\"widget\" data-settings=\"{&quot;_animation&quot;:&quot;fadeIn&quot;,&quot;_animation_delay&quot;:200}\" data-widget_type=\"heading.default\">\n\t\t\t\t\t<h3 class=\"elementor-heading-title elementor-size-default\">2.1. Fonte de dados<\/h3>\t\t\t\t<\/div>\n\t\t\t\t<div class=\"elementor-element elementor-element-ce5acbc elementor-widget__width-inherit elementor-invisible elementor-widget elementor-widget-text-editor\" data-id=\"ce5acbc\" data-element_type=\"widget\" data-e-type=\"widget\" data-settings=\"{&quot;_animation&quot;:&quot;fadeIn&quot;,&quot;_animation_delay&quot;:400}\" data-widget_type=\"text-editor.default\">\n\t\t\t\t\t\t\t\t\t<p>Os dados s\u00e3o recolhidos a partir das informa\u00e7\u00f5es fornecidas pelas pessoas que desejam receber informa\u00e7\u00f5es atrav\u00e9s do formul\u00e1rio de contacto no s\u00edtio Web da OXAND.<br \/>Os dados tamb\u00e9m podem ser recolhidos durante as nossas comunica\u00e7\u00f5es (por telefone, correio eletr\u00f3nico ou outros meios).<\/p>\t\t\t\t\t\t\t\t<\/div>\n\t\t\t\t<div class=\"elementor-element elementor-element-cfbf0ca elementor-widget__width-inherit elementor-invisible elementor-widget elementor-widget-heading\" data-id=\"cfbf0ca\" data-element_type=\"widget\" data-e-type=\"widget\" data-settings=\"{&quot;_animation&quot;:&quot;fadeIn&quot;,&quot;_animation_delay&quot;:200}\" data-widget_type=\"heading.default\">\n\t\t\t\t\t<h3 class=\"elementor-heading-title elementor-size-default\">2.2. Car\u00e1cter obrigat\u00f3rio da recolha de dados<\/h3>\t\t\t\t<\/div>\n\t\t\t\t<div class=\"elementor-element elementor-element-c7eaba7 elementor-widget__width-inherit elementor-invisible elementor-widget elementor-widget-text-editor\" data-id=\"c7eaba7\" data-element_type=\"widget\" data-e-type=\"widget\" data-settings=\"{&quot;_animation&quot;:&quot;fadeIn&quot;,&quot;_animation_delay&quot;:400}\" data-widget_type=\"text-editor.default\">\n\t\t\t\t\t\t\t\t\t<p>Os campos de dados s\u00e3o obrigat\u00f3rios: sem estas informa\u00e7\u00f5es, n\u00e3o poderemos contact\u00e1-lo.<\/p>\t\t\t\t\t\t\t\t<\/div>\n\t\t\t\t<div class=\"elementor-element elementor-element-15f03f8 elementor-widget__width-inherit elementor-invisible elementor-widget elementor-widget-heading\" data-id=\"15f03f8\" data-element_type=\"widget\" data-e-type=\"widget\" data-settings=\"{&quot;_animation&quot;:&quot;fadeIn&quot;,&quot;_animation_delay&quot;:200}\" data-widget_type=\"heading.default\">\n\t\t\t\t\t<h3 class=\"elementor-heading-title elementor-size-default\">2.3. Tomada de decis\u00f5es automatizada<\/h3>\t\t\t\t<\/div>\n\t\t\t\t<div class=\"elementor-element elementor-element-aa8b198 elementor-widget__width-inherit elementor-invisible elementor-widget elementor-widget-text-editor\" data-id=\"aa8b198\" data-element_type=\"widget\" data-e-type=\"widget\" data-settings=\"{&quot;_animation&quot;:&quot;fadeIn&quot;,&quot;_animation_delay&quot;:400}\" data-widget_type=\"text-editor.default\">\n\t\t\t\t\t\t\t\t\t<p>O tratamento n\u00e3o envolve <span style=\"color: #3366ff;\"><a style=\"color: #3366ff;\" href=\"https:\/\/www.cnil.fr\/fr\/reglement-europeen-protection-donnees\/chapitre3#Article22\">tomada de decis\u00f5es automatizada<\/a><\/span><\/p>\t\t\t\t\t\t\t\t<\/div>\n\t\t\t\t<div class=\"elementor-element elementor-element-d5903da elementor-widget__width-inherit elementor-invisible elementor-widget elementor-widget-heading\" data-id=\"d5903da\" data-element_type=\"widget\" data-e-type=\"widget\" data-settings=\"{&quot;_animation&quot;:&quot;fadeIn&quot;,&quot;_animation_delay&quot;:200}\" data-widget_type=\"heading.default\">\n\t\t\t\t\t<h3 class=\"elementor-heading-title elementor-size-default\">3.  Categorias de benefici\u00e1rios<\/h3>\t\t\t\t<\/div>\n\t\t\t\t<div class=\"elementor-element elementor-element-286ee16 elementor-widget__width-inherit elementor-invisible elementor-widget elementor-widget-text-editor\" data-id=\"286ee16\" data-element_type=\"widget\" data-e-type=\"widget\" data-settings=\"{&quot;_animation&quot;:&quot;fadeIn&quot;,&quot;_animation_delay&quot;:400}\" data-widget_type=\"text-editor.default\">\n\t\t\t\t\t\t\t\t\t<p>Os dados destinam-se exclusivamente \u00e0 OXAND. Dentro da OXAND, os destinat\u00e1rios dos dados s\u00e3o :<\/p><ul><li><strong>Departamento comercial<\/strong><\/li><li><strong>Departamento de Consultoria<\/strong><\/li><li><strong>Departamento de TI<\/strong><\/li><\/ul>\t\t\t\t\t\t\t\t<\/div>\n\t\t\t\t<div class=\"elementor-element elementor-element-0b897de elementor-widget__width-inherit elementor-invisible elementor-widget elementor-widget-heading\" data-id=\"0b897de\" data-element_type=\"widget\" data-e-type=\"widget\" data-settings=\"{&quot;_animation&quot;:&quot;fadeIn&quot;,&quot;_animation_delay&quot;:200}\" data-widget_type=\"heading.default\">\n\t\t\t\t\t<h3 class=\"elementor-heading-title elementor-size-default\">4. Transfer\u00eancias de dados para fora da UE<\/h3>\t\t\t\t<\/div>\n\t\t\t\t<div class=\"elementor-element elementor-element-ea57d93 elementor-widget__width-inherit elementor-invisible elementor-widget elementor-widget-text-editor\" data-id=\"ea57d93\" data-element_type=\"widget\" data-e-type=\"widget\" data-settings=\"{&quot;_animation&quot;:&quot;fadeIn&quot;,&quot;_animation_delay&quot;:400}\" data-widget_type=\"text-editor.default\">\n\t\t\t\t\t\t\t\t\t<p>Nenhum dado \u00e9 transferido para fora da Uni\u00e3o Europeia.<\/p>\t\t\t\t\t\t\t\t<\/div>\n\t\t\t\t<div class=\"elementor-element elementor-element-d39444b elementor-widget__width-inherit elementor-invisible elementor-widget elementor-widget-heading\" data-id=\"d39444b\" data-element_type=\"widget\" data-e-type=\"widget\" data-settings=\"{&quot;_animation&quot;:&quot;fadeIn&quot;,&quot;_animation_delay&quot;:200}\" data-widget_type=\"heading.default\">\n\t\t\t\t\t<h3 class=\"elementor-heading-title elementor-size-default\">5. Per\u00edodo de conserva\u00e7\u00e3o dos dados<\/h3>\t\t\t\t<\/div>\n\t\t\t\t<div class=\"elementor-element elementor-element-2009b2f elementor-widget__width-inherit elementor-invisible elementor-widget elementor-widget-text-editor\" data-id=\"2009b2f\" data-element_type=\"widget\" data-e-type=\"widget\" data-settings=\"{&quot;_animation&quot;:&quot;fadeIn&quot;,&quot;_animation_delay&quot;:400}\" data-widget_type=\"text-editor.default\">\n\t\t\t\t\t\t\t\t\t<p>Os dados s\u00e3o conservados por um per\u00edodo de 3 anos a contar da data do nosso \u00faltimo contacto, podendo, naturalmente, ser eliminados mais cedo, a seu pedido, contactando o nosso respons\u00e1vel pela prote\u00e7\u00e3o de dados, cujas informa\u00e7\u00f5es de contacto s\u00e3o fornecidas no final do presente documento.<\/p>\t\t\t\t\t\t\t\t<\/div>\n\t\t\t\t<div class=\"elementor-element elementor-element-8d4d76b elementor-widget__width-inherit elementor-invisible elementor-widget elementor-widget-heading\" data-id=\"8d4d76b\" data-element_type=\"widget\" data-e-type=\"widget\" data-settings=\"{&quot;_animation&quot;:&quot;fadeIn&quot;,&quot;_animation_delay&quot;:200}\" data-widget_type=\"heading.default\">\n\t\t\t\t\t<h3 class=\"elementor-heading-title elementor-size-default\">6. Seguran\u00e7a<\/h3>\t\t\t\t<\/div>\n\t\t\t\t<div class=\"elementor-element elementor-element-dc5a6d6 elementor-widget__width-inherit elementor-invisible elementor-widget elementor-widget-text-editor\" data-id=\"dc5a6d6\" data-element_type=\"widget\" data-e-type=\"widget\" data-settings=\"{&quot;_animation&quot;:&quot;fadeIn&quot;,&quot;_animation_delay&quot;:400}\" data-widget_type=\"text-editor.default\">\n\t\t\t\t\t\t\t\t\t<p>A OXAND toma as medidas necess\u00e1rias para garantir a seguran\u00e7a e a confidencialidade dos seus dados, incluindo a implementa\u00e7\u00e3o de medidas de seguran\u00e7a t\u00e9cnicas e organizacionais em conformidade com as recomenda\u00e7\u00f5es da CNIL.<\/p>\t\t\t\t\t\t\t\t<\/div>\n\t\t\t\t<div class=\"elementor-element elementor-element-36fe40d elementor-widget__width-inherit elementor-invisible elementor-widget elementor-widget-heading\" data-id=\"36fe40d\" data-element_type=\"widget\" data-e-type=\"widget\" data-settings=\"{&quot;_animation&quot;:&quot;fadeIn&quot;,&quot;_animation_delay&quot;:200}\" data-widget_type=\"heading.default\">\n\t\t\t\t\t<h3 class=\"elementor-heading-title elementor-size-default\">7. Os seus direitos - Contacte o nosso respons\u00e1vel pela prote\u00e7\u00e3o de dados<\/h3>\t\t\t\t<\/div>\n\t\t\t\t<div class=\"elementor-element elementor-element-68cf78b elementor-widget__width-inherit elementor-invisible elementor-widget elementor-widget-text-editor\" data-id=\"68cf78b\" data-element_type=\"widget\" data-e-type=\"widget\" data-settings=\"{&quot;_animation&quot;:&quot;fadeIn&quot;,&quot;_animation_delay&quot;:400}\" data-widget_type=\"text-editor.default\">\n\t\t\t\t\t\t\t\t\t<p>Pode aceder e obter uma c\u00f3pia dos dados que lhe dizem respeito, opor-se ao tratamento desses dados, rectific\u00e1-los ou apag\u00e1-los. Disp\u00f5e igualmente de um direito \u00e0 limita\u00e7\u00e3o do tratamento dos seus dados.<\/p><p>&gt;\u00a0<span style=\"color: #3366ff;\"><a style=\"color: #3366ff;\" href=\"https:\/\/www.cnil.fr\/fr\/comprendre-vos-droits\">Compreender os seus direitos<\/a><\/span><\/p><p>Tem igualmente o direito de formular diretivas espec\u00edficas e gerais relativas \u00e0 conserva\u00e7\u00e3o, apagamento e comunica\u00e7\u00e3o dos seus dados post-mortem.<\/p><p>A comunica\u00e7\u00e3o de diretivas espec\u00edficas post-mortem e o exerc\u00edcio destes direitos s\u00e3o efectuados atrav\u00e9s do envio de um correio por via postal ao RPD, cujas coordenadas s\u00e3o indicadas abaixo. Os pedidos relativos \u00e0 recolha de dados post mortem devem ser acompanhados de uma c\u00f3pia de um t\u00edtulo de identidade para poderem ser tratados.<\/p>\t\t\t\t\t\t\t\t<\/div>\n\t\t\t\t<div class=\"elementor-element elementor-element-35e38a9 elementor-widget__width-inherit elementor-invisible elementor-widget elementor-widget-heading\" data-id=\"35e38a9\" data-element_type=\"widget\" data-e-type=\"widget\" data-settings=\"{&quot;_animation&quot;:&quot;fadeIn&quot;,&quot;_animation_delay&quot;:200}\" data-widget_type=\"heading.default\">\n\t\t\t\t\t<h3 class=\"elementor-heading-title elementor-size-default\">7.1. Exerc\u00edcio dos direitos do utilizador<\/h3>\t\t\t\t<\/div>\n\t\t\t\t<div class=\"elementor-element elementor-element-bc02c96 elementor-widget__width-inherit elementor-invisible elementor-widget elementor-widget-text-editor\" data-id=\"bc02c96\" data-element_type=\"widget\" data-e-type=\"widget\" data-settings=\"{&quot;_animation&quot;:&quot;fadeIn&quot;,&quot;_animation_delay&quot;:400}\" data-widget_type=\"text-editor.default\">\n\t\t\t\t\t\t\t\t\t<p>O Respons\u00e1vel pela Prote\u00e7\u00e3o de Dados (RPD) da OXAND \u00e9 o seu ponto de contacto para quaisquer pedidos relacionados com o exerc\u00edcio dos seus direitos no \u00e2mbito deste tratamento de dados.<\/p><ul><li>Contactar o DPO por correio eletr\u00f3nico: jad.badr@oxand.com<\/li><li>Contactar o RPD por correio eletr\u00f3nico :<br \/>- Sr. Jad BADR<br \/>- DPO<br \/>- 198 avenue de France<br \/>- 75013 Paris<\/li><li>Contactar o RPD por telefone: 0033 6 68 55 51 65<\/li><\/ul>\t\t\t\t\t\t\t\t<\/div>\n\t\t\t\t<div class=\"elementor-element elementor-element-9bedd1b elementor-widget__width-inherit elementor-invisible elementor-widget elementor-widget-heading\" data-id=\"9bedd1b\" data-element_type=\"widget\" data-e-type=\"widget\" data-settings=\"{&quot;_animation&quot;:&quot;fadeIn&quot;,&quot;_animation_delay&quot;:200}\" data-widget_type=\"heading.default\">\n\t\t\t\t\t<h3 class=\"elementor-heading-title elementor-size-default\">7.2. Queixa \u00e0 CNIL<\/h3>\t\t\t\t<\/div>\n\t\t\t\t<div class=\"elementor-element elementor-element-7690b0a elementor-widget__width-inherit elementor-invisible elementor-widget elementor-widget-text-editor\" data-id=\"7690b0a\" data-element_type=\"widget\" data-e-type=\"widget\" data-settings=\"{&quot;_animation&quot;:&quot;fadeIn&quot;,&quot;_animation_delay&quot;:400}\" data-widget_type=\"text-editor.default\">\n\t\t\t\t\t\t\t\t\t<p>Se, depois de nos contactar, considerar que os seus direitos em mat\u00e9ria de dados n\u00e3o foram respeitados, pode <span style=\"color: #3366ff;\"><a style=\"color: #3366ff;\" href=\"https:\/\/connexion.services.cnil.fr\/login\/?nonce=_3B2D8E159666ECECCFF5256D2E5D7D9F&amp;next=\/idp\/saml2\/continue%3Fnonce%3D_3B2D8E159666ECECCFF5256D2E5D7D9F\">apresentar uma queixa junto da CNIL<\/a><\/span>.<\/p>\t\t\t\t\t\t\t\t<\/div>\n\t\t\t\t\t<\/div>\n\t\t\t\t<\/div>\n\t\t\t\t<\/div>","protected":false},"excerpt":{"rendered":"<p>Personal Data \u2013 Data Collection by OXAND Privacy Policy December 5, 2025 This document is intended to explain, as transparently as possible, how we process your data when you visit the OXAND website and when you fill out a form to request a demo or contact an expert.Regarding cookies, please refer specifically to our cookie [&hellip;]<\/p>\n","protected":false},"author":4,"featured_media":0,"parent":0,"menu_order":0,"comment_status":"closed","ping_status":"closed","template":"","meta":{"_acf_changed":false,"_seopress_robots_primary_cat":"","_seopress_titles_title":"Privacy Policy | Oxand","_seopress_titles_desc":"Learn how Oxand collects, uses, and protects your personal data in accordance with the GDPR. Contact our DPO to exercise your rights.","_seopress_robots_index":"","footnotes":""},"class_list":["post-14512","page","type-page","status-publish","hentry"],"acf":[],"_links":{"self":[{"href":"https:\/\/oxand.com\/pt\/wp-json\/wp\/v2\/pages\/14512","targetHints":{"allow":["GET"]}}],"collection":[{"href":"https:\/\/oxand.com\/pt\/wp-json\/wp\/v2\/pages"}],"about":[{"href":"https:\/\/oxand.com\/pt\/wp-json\/wp\/v2\/types\/page"}],"author":[{"embeddable":true,"href":"https:\/\/oxand.com\/pt\/wp-json\/wp\/v2\/users\/4"}],"replies":[{"embeddable":true,"href":"https:\/\/oxand.com\/pt\/wp-json\/wp\/v2\/comments?post=14512"}],"version-history":[{"count":13,"href":"https:\/\/oxand.com\/pt\/wp-json\/wp\/v2\/pages\/14512\/revisions"}],"predecessor-version":[{"id":14536,"href":"https:\/\/oxand.com\/pt\/wp-json\/wp\/v2\/pages\/14512\/revisions\/14536"}],"wp:attachment":[{"href":"https:\/\/oxand.com\/pt\/wp-json\/wp\/v2\/media?parent=14512"}],"curies":[{"name":"wp","href":"https:\/\/api.w.org\/{rel}","templated":true}]}}