{"id":7378,"date":"2025-04-26T12:59:07","date_gmt":"2025-04-26T12:59:07","guid":{"rendered":"https:\/\/oxand.com\/?page_id=7378"},"modified":"2026-03-24T13:30:36","modified_gmt":"2026-03-24T13:30:36","slug":"estudos-de-caso","status":"publish","type":"page","link":"https:\/\/oxand.com\/pt\/case-studies\/","title":{"rendered":"estudos de caso"},"content":{"rendered":"<div data-elementor-type=\"wp-page\" data-elementor-id=\"7378\" class=\"elementor elementor-7378\" wpc-filter-elementor-widget=\"1\" data-elementor-post-type=\"page\">\n\t\t\t\t<div class=\"elementor-element elementor-element-e43a9c2 e-flex e-con-boxed e-con e-parent\" data-id=\"e43a9c2\" data-element_type=\"container\" data-e-type=\"container\" data-settings=\"{&quot;background_background&quot;:&quot;classic&quot;}\">\n\t\t\t\t\t<div class=\"e-con-inner\">\n\t\t\t\t<div class=\"elementor-element elementor-element-49858de elementor-widget__width-inherit elementor-invisible elementor-widget elementor-widget-heading\" data-id=\"49858de\" data-element_type=\"widget\" data-e-type=\"widget\" data-settings=\"{&quot;_animation&quot;:&quot;fadeIn&quot;}\" data-widget_type=\"heading.default\">\n\t\t\t\t\t<h2 class=\"elementor-heading-title elementor-size-default\"><span style=\"color: var( --e-global-color-primary )\">Testemunhos e e<\/span>studos de caso<\/h2>\t\t\t\t<\/div>\n\t\t\t\t<div class=\"elementor-element elementor-element-dd965b1 elementor-icon-list--layout-inline elementor-align-center elementor-list-item-link-full_width elementor-invisible elementor-widget elementor-widget-icon-list\" data-id=\"dd965b1\" data-element_type=\"widget\" data-e-type=\"widget\" data-settings=\"{&quot;_animation&quot;:&quot;fadeIn&quot;,&quot;_animation_delay&quot;:200}\" data-widget_type=\"icon-list.default\">\n\t\t\t\t\t\t\t<ul class=\"elementor-icon-list-items elementor-inline-items\">\n\t\t\t\t\t\t\t<li class=\"elementor-icon-list-item elementor-inline-item\">\n\t\t\t\t\t\t\t\t\t\t\t<a href=\"#\">\n\n\t\t\t\t\t\t\t\t\t\t\t<span class=\"elementor-icon-list-text\">In\u00edcio<\/span>\n\t\t\t\t\t\t\t\t\t\t\t<\/a>\n\t\t\t\t\t\t\t\t\t<\/li>\n\t\t\t\t\t\t\t\t<li class=\"elementor-icon-list-item elementor-inline-item\">\n\t\t\t\t\t\t\t\t\t\t\t<a href=\"#\">\n\n\t\t\t\t\t\t\t\t\t\t\t\t<span class=\"elementor-icon-list-icon\">\n\t\t\t\t\t\t\t<i aria-hidden=\"true\" class=\"icon icon-arrow-right\"><\/i>\t\t\t\t\t\t<\/span>\n\t\t\t\t\t\t\t\t\t\t<span class=\"elementor-icon-list-text\">Testemunho<\/span>\n\t\t\t\t\t\t\t\t\t\t\t<\/a>\n\t\t\t\t\t\t\t\t\t<\/li>\n\t\t\t\t\t\t<\/ul>\n\t\t\t\t\t\t<\/div>\n\t\t\t\t\t<\/div>\n\t\t\t\t<\/div>\n\t\t<div class=\"elementor-element elementor-element-e46539e e-flex e-con-boxed e-con e-parent\" data-id=\"e46539e\" data-element_type=\"container\" data-e-type=\"container\">\n\t\t\t\t\t<div class=\"e-con-inner\">\n\t\t\t\t<div class=\"elementor-element elementor-element-82d9cab elementor-invisible elementor-widget elementor-widget-text-editor\" data-id=\"82d9cab\" data-element_type=\"widget\" data-e-type=\"widget\" data-settings=\"{&quot;_animation&quot;:&quot;fadeIn&quot;}\" data-widget_type=\"text-editor.default\">\n\t\t\t\t\t\t\t\t\t<p><span style=\"vertical-align: inherit;\"><span style=\"vertical-align: inherit;\"><span style=\"vertical-align: inherit;\"><span style=\"vertical-align: inherit;\"><span style=\"vertical-align: inherit;\"><span style=\"vertical-align: inherit;\"><span style=\"vertical-align: inherit;\"><span style=\"vertical-align: inherit;\">mensagens<\/span><\/span><\/span><\/span><\/span><\/span><\/span><\/span><\/p>\t\t\t\t\t\t\t\t<\/div>\n\t\t\t\t<div class=\"elementor-element elementor-element-acbd42f elementor-widget__width-initial elementor-invisible elementor-widget elementor-widget-heading\" data-id=\"acbd42f\" data-element_type=\"widget\" data-e-type=\"widget\" data-settings=\"{&quot;_animation&quot;:&quot;fadeIn&quot;,&quot;_animation_delay&quot;:200}\" data-widget_type=\"heading.default\">\n\t\t\t\t\t<h3 class=\"elementor-heading-title elementor-size-default\">Coment\u00e1rios positivos dos nossos utilizadores<\/h3>\t\t\t\t<\/div>\n\t\t\t\t<div class=\"elementor-element elementor-element-867ec9f elementor-align-center elementor-mobile-align-center elementor-hidden-desktop elementor-hidden-tablet elementor-hidden-mobile elementor-invisible elementor-widget elementor-widget-button\" data-id=\"867ec9f\" data-element_type=\"widget\" data-e-type=\"widget\" data-settings=\"{&quot;_animation&quot;:&quot;fadeIn&quot;,&quot;_animation_delay&quot;:400}\" data-widget_type=\"button.default\">\n\t\t\t\t\t\t\t\t\t\t<a class=\"elementor-button elementor-button-link elementor-size-sm elementor-animation-float\" href=\"#\">\n\t\t\t\t\t\t<span class=\"elementor-button-content-wrapper\">\n\t\t\t\t\t\t<span class=\"elementor-button-icon\">\n\t\t\t\t<i aria-hidden=\"true\" class=\"icon icon-right-arrow\"><\/i>\t\t\t<\/span>\n\t\t\t\t\t\t\t\t\t<span class=\"elementor-button-text\">Ir para o nosso Muro do Amor<\/span>\n\t\t\t\t\t<\/span>\n\t\t\t\t\t<\/a>\n\t\t\t\t\t\t\t\t<\/div>\n\t\t<div class=\"elementor-element elementor-element-544ff65 e-con-full e-flex e-con e-child\" data-id=\"544ff65\" data-element_type=\"container\" data-e-type=\"container\">\n\t\t<div class=\"elementor-element elementor-element-eb3c73d e-con-full e-flex e-con e-child\" data-id=\"eb3c73d\" data-element_type=\"container\" data-e-type=\"container\">\n\t\t\t\t<div class=\"elementor-element elementor-element-7372497 elementor-pagination-type-bullets elementor-arrows-position-inside elementor-pagination-position-outside elementor-widget elementor-widget-loop-carousel\" data-id=\"7372497\" data-element_type=\"widget\" data-e-type=\"widget\" data-settings=\"{&quot;template_id&quot;:&quot;10918&quot;,&quot;slides_to_show&quot;:&quot;1&quot;,&quot;_skin&quot;:&quot;post&quot;,&quot;slides_to_show_tablet&quot;:&quot;2&quot;,&quot;slides_to_show_mobile&quot;:&quot;1&quot;,&quot;slides_to_scroll&quot;:&quot;1&quot;,&quot;edit_handle_selector&quot;:&quot;.elementor-loop-container&quot;,&quot;autoplay&quot;:&quot;yes&quot;,&quot;autoplay_speed&quot;:5000,&quot;pause_on_hover&quot;:&quot;yes&quot;,&quot;pause_on_interaction&quot;:&quot;yes&quot;,&quot;infinite&quot;:&quot;yes&quot;,&quot;speed&quot;:500,&quot;offset_sides&quot;:&quot;none&quot;,&quot;arrows&quot;:&quot;yes&quot;,&quot;pagination&quot;:&quot;bullets&quot;,&quot;image_spacing_custom&quot;:{&quot;unit&quot;:&quot;px&quot;,&quot;size&quot;:10,&quot;sizes&quot;:[]},&quot;image_spacing_custom_tablet&quot;:{&quot;unit&quot;:&quot;px&quot;,&quot;size&quot;:&quot;&quot;,&quot;sizes&quot;:[]},&quot;image_spacing_custom_mobile&quot;:{&quot;unit&quot;:&quot;px&quot;,&quot;size&quot;:&quot;&quot;,&quot;sizes&quot;:[]}}\" data-widget_type=\"loop-carousel.post\">\n\t\t\t\t\t\t\t<div class=\"swiper elementor-loop-container elementor-grid\" role=\"list\" dir=\"ltr\">\n\t\t\t\t<div class=\"swiper-wrapper\" aria-live=\"off\">\n\t\t<style id=\"loop-10918\">.elementor-10918 .elementor-element.elementor-element-0e00901{--display:flex;}.elementor-10918 .elementor-element.elementor-element-1d45197 .elementor-heading-title{font-family:\"Montserrat\", Sans-serif;font-size:18px;font-weight:500;}.elementor-10918 .elementor-element.elementor-element-1d45197{margin:0% 0% calc(var(--kit-widget-spacing, 0px) + 0%) 1%;padding:0px 0px 0px 0px;width:100%;max-width:100%;}.elementor-10918 .elementor-element.elementor-element-bc35b15 .elementor-heading-title{font-family:\"Montserrat\", Sans-serif;font-size:20px;font-weight:600;}.elementor-10918 .elementor-element.elementor-element-bc35b15{margin:0% 0% calc(var(--kit-widget-spacing, 0px) + 0%) 1%;padding:0px 0px 0px 0px;width:100%;max-width:100%;}<\/style>\t\t<div data-elementor-type=\"loop-item\" data-elementor-id=\"10918\" class=\"elementor elementor-10918 swiper-slide e-loop-item e-loop-item-9009 post-9009 customer-case type-customer-case status-publish hentry customer-case-content-customer-quote customer-case-content-detailed-content-context-action-gains customer-name-laguardia-airport expertise-aging-infrastructure-investment expertise-asset-management-practices expertise-predictive-maintenance-roi industry-harbours-and-airports industry-infrastructure role-executive-leadership-project-sponsors role-facility-asset-managers role-sustainability-esg-manager zone-france zone-international zone-netherlands\" wpc-filter-elementor-widget=\"1\" data-elementor-post-type=\"elementor_library\" role=\"group\" aria-roledescription=\"slide\" data-custom-edit-handle=\"1\">\n\t\t\t<div class=\"elementor-element elementor-element-0e00901 e-flex e-con-boxed e-con e-parent\" data-id=\"0e00901\" data-element_type=\"container\" data-e-type=\"container\">\n\t\t\t\t\t<div class=\"e-con-inner\">\n\t\t\t\t<div class=\"elementor-element elementor-element-9e0b9e7 elementor-blockquote--skin-border elementor-widget elementor-widget-blockquote\" data-id=\"9e0b9e7\" data-element_type=\"widget\" data-e-type=\"widget\" data-widget_type=\"blockquote.default\">\n\t\t\t\t\t\t\t<blockquote class=\"elementor-blockquote\">\n\t\t\t<p class=\"elementor-blockquote__content\">\n\t\t\t\t<p>\u201cComo l\u00edder de activos, estou consciente da necessidade de desafiar as nossas pr\u00e1ticas e de estar ao mais alto n\u00edvel das pr\u00e1ticas de opera\u00e7\u00e3o e manuten\u00e7\u00e3o. Neste contexto, pretendemos, como primeiro passo, efetuar uma avalia\u00e7\u00e3o da maturidade das nossas pr\u00e1ticas de gest\u00e3o de activos, de modo a obter, no futuro, a certifica\u00e7\u00e3o ISO 55001 - Gest\u00e3o de activos.\u201d<\/p>\n\t\t\t<\/p>\n\t\t\t\t\t<\/blockquote>\n\t\t\t\t\t\t<\/div>\n\t\t\t\t<div class=\"elementor-element elementor-element-1d45197 elementor-widget__width-inherit elementor-widget elementor-widget-heading\" data-id=\"1d45197\" data-element_type=\"widget\" data-e-type=\"widget\" data-widget_type=\"heading.default\">\n\t\t\t\t\t<h2 class=\"elementor-heading-title elementor-size-default\">CTO, Diretor T\u00e9cnico<\/h2>\t\t\t\t<\/div>\n\t\t\t\t<div class=\"elementor-element elementor-element-bc35b15 elementor-widget__width-inherit elementor-widget elementor-widget-heading\" data-id=\"bc35b15\" data-element_type=\"widget\" data-e-type=\"widget\" data-widget_type=\"heading.default\">\n\t\t\t\t\t<h2 class=\"elementor-heading-title elementor-size-default\">Aeroporto de LaGuardia<\/h2>\t\t\t\t<\/div>\n\t\t\t\t\t<\/div>\n\t\t\t\t<\/div>\n\t\t\t\t<\/div>\n\t\t\t\t<div data-elementor-type=\"loop-item\" data-elementor-id=\"10918\" class=\"elementor elementor-10918 swiper-slide e-loop-item e-loop-item-8280 post-8280 customer-case type-customer-case status-publish hentry customer-case-content-customer-quote customer-case-content-detailed-content-context-action-gains customer-name-departement-de-la-meuse expertise-aging-infrastructure-investment expertise-predictive-maintenance-roi industry-cities-and-region industry-health-buildings industry-real-estate role-facility-asset-managers role-sustainability-esg-manager zone-france zone-international zone-netherlands\" wpc-filter-elementor-widget=\"1\" data-elementor-post-type=\"elementor_library\" role=\"group\" aria-roledescription=\"slide\" data-custom-edit-handle=\"1\">\n\t\t\t<div class=\"elementor-element elementor-element-0e00901 e-flex e-con-boxed e-con e-parent\" data-id=\"0e00901\" data-element_type=\"container\" data-e-type=\"container\">\n\t\t\t\t\t<div class=\"e-con-inner\">\n\t\t\t\t<div class=\"elementor-element elementor-element-9e0b9e7 elementor-blockquote--skin-border elementor-widget elementor-widget-blockquote\" data-id=\"9e0b9e7\" data-element_type=\"widget\" data-e-type=\"widget\" data-widget_type=\"blockquote.default\">\n\t\t\t\t\t\t\t<blockquote class=\"elementor-blockquote\">\n\t\t\t<p class=\"elementor-blockquote__content\">\n\t\t\t\t<blockquote><p>\u201cPrecis\u00e1vamos de uma ferramenta que nos permitisse consolidar os dados fragmentados de que disp\u00fanhamos e project\u00e1-los de uma forma que pudesse ser claramente apresentada aos nossos funcion\u00e1rios eleitos, que s\u00e3o os decisores.\u201d<\/p><\/blockquote>\n\t\t\t<\/p>\n\t\t\t\t\t\t\t<div class=\"e-q-footer\">\n\t\t\t\t\t\t\t\t\t\t\t<cite class=\"elementor-blockquote__author\">Dominique VANON<\/cite>\n\t\t\t\t\t\t\t\t\t\t\t\t\t\t<\/div>\n\t\t\t\t\t<\/blockquote>\n\t\t\t\t\t\t<\/div>\n\t\t\t\t<div class=\"elementor-element elementor-element-1d45197 elementor-widget__width-inherit elementor-widget elementor-widget-heading\" data-id=\"1d45197\" data-element_type=\"widget\" data-e-type=\"widget\" data-widget_type=\"heading.default\">\n\t\t\t\t\t<h2 class=\"elementor-heading-title elementor-size-default\">Diretor-Geral (Diretor-Geral de Servi\u00e7os)<\/h2>\t\t\t\t<\/div>\n\t\t\t\t<div class=\"elementor-element elementor-element-bc35b15 elementor-widget__width-inherit elementor-widget elementor-widget-heading\" data-id=\"bc35b15\" data-element_type=\"widget\" data-e-type=\"widget\" data-widget_type=\"heading.default\">\n\t\t\t\t\t<h2 class=\"elementor-heading-title elementor-size-default\">Departamento de la Meuse<\/h2>\t\t\t\t<\/div>\n\t\t\t\t\t<\/div>\n\t\t\t\t<\/div>\n\t\t\t\t<\/div>\n\t\t\t\t<div data-elementor-type=\"loop-item\" data-elementor-id=\"10918\" class=\"elementor elementor-10918 swiper-slide e-loop-item e-loop-item-8271 post-8271 customer-case type-customer-case status-publish hentry customer-case-content-customer-quote customer-case-content-detailed-content-context-action-gains customer-case-content-video customer-name-inli expertise-aging-infrastructure-investment expertise-predictive-maintenance-roi expertise-sustainable-investment-planning industry-social-housing role-executive-leadership-project-sponsors role-facility-asset-managers role-sustainability-esg-manager zone-france zone-international zone-netherlands\" wpc-filter-elementor-widget=\"1\" data-elementor-post-type=\"elementor_library\" role=\"group\" aria-roledescription=\"slide\" data-custom-edit-handle=\"1\">\n\t\t\t<div class=\"elementor-element elementor-element-0e00901 e-flex e-con-boxed e-con e-parent\" data-id=\"0e00901\" data-element_type=\"container\" data-e-type=\"container\">\n\t\t\t\t\t<div class=\"e-con-inner\">\n\t\t\t\t<div class=\"elementor-element elementor-element-9e0b9e7 elementor-blockquote--skin-border elementor-widget elementor-widget-blockquote\" data-id=\"9e0b9e7\" data-element_type=\"widget\" data-e-type=\"widget\" data-widget_type=\"blockquote.default\">\n\t\t\t\t\t\t\t<blockquote class=\"elementor-blockquote\">\n\t\t\t<p class=\"elementor-blockquote__content\">\n\t\t\t\t<blockquote><p>\u201cRecorremos \u00e0 Oxand porque precis\u00e1vamos de uma ferramenta que nos proporcionasse uma vis\u00e3o preditiva - e n\u00e3o apenas corretiva - e nos ajudasse a gerir os nossos investimentos de forma mais eficaz. A Oxand destacou-se pelas suas capacidades de gest\u00e3o de risco.\u201d<\/p><\/blockquote>\n\t\t\t<\/p>\n\t\t\t\t\t\t\t<div class=\"e-q-footer\">\n\t\t\t\t\t\t\t\t\t\t\t<cite class=\"elementor-blockquote__author\">Laura Stolz<\/cite>\n\t\t\t\t\t\t\t\t\t\t\t\t\t\t<\/div>\n\t\t\t\t\t<\/blockquote>\n\t\t\t\t\t\t<\/div>\n\t\t\t\t<div class=\"elementor-element elementor-element-1d45197 elementor-widget__width-inherit elementor-widget elementor-widget-heading\" data-id=\"1d45197\" data-element_type=\"widget\" data-e-type=\"widget\" data-widget_type=\"heading.default\">\n\t\t\t\t\t<h2 class=\"elementor-heading-title elementor-size-default\">Chefe do Departamento de Or\u00e7amento e Avalia\u00e7\u00e3o de Activos<\/h2>\t\t\t\t<\/div>\n\t\t\t\t<div class=\"elementor-element elementor-element-bc35b15 elementor-widget__width-inherit elementor-widget elementor-widget-heading\" data-id=\"bc35b15\" data-element_type=\"widget\" data-e-type=\"widget\" data-widget_type=\"heading.default\">\n\t\t\t\t\t<h2 class=\"elementor-heading-title elementor-size-default\">In'li<\/h2>\t\t\t\t<\/div>\n\t\t\t\t\t<\/div>\n\t\t\t\t<\/div>\n\t\t\t\t<\/div>\n\t\t\t\t<\/div>\n\t\t<\/div>\n\t\t\t\t\t<div class=\"elementor-swiper-button elementor-swiper-button-prev\" role=\"button\" tabindex=\"0\" aria-label=\"Anterior\">\n\t\t\t\t<svg aria-hidden=\"true\" class=\"e-font-icon-svg e-eicon-chevron-left\" viewbox=\"0 0 1000 1000\" xmlns=\"http:\/\/www.w3.org\/2000\/svg\"><path d=\"M646 125C629 125 613 133 604 142L308 442C296 454 292 471 292 487 292 504 296 521 308 533L604 854C617 867 629 875 646 875 663 875 679 871 692 858 704 846 713 829 713 812 713 796 708 779 692 767L438 487 692 225C700 217 708 204 708 187 708 171 704 154 692 142 675 129 663 125 646 125Z\"><\/path><\/svg>\t\t\t<\/div>\n\t\t\t<div class=\"elementor-swiper-button elementor-swiper-button-next\" role=\"button\" tabindex=\"0\" aria-label=\"Seguinte\">\n\t\t\t\t<svg aria-hidden=\"true\" class=\"e-font-icon-svg e-eicon-chevron-right\" viewbox=\"0 0 1000 1000\" xmlns=\"http:\/\/www.w3.org\/2000\/svg\"><path d=\"M696 533C708 521 713 504 713 487 713 471 708 454 696 446L400 146C388 133 375 125 354 125 338 125 325 129 313 142 300 154 292 171 292 187 292 204 296 221 308 233L563 492 304 771C292 783 288 800 288 817 288 833 296 850 308 863 321 871 338 875 354 875 371 875 388 867 400 854L696 533Z\"><\/path><\/svg>\t\t\t<\/div>\n\t\t\t\t\t<div class=\"swiper-pagination\"><\/div>\n\t\t\t\t\t\t<\/div>\n\t\t\t\t<\/div>\n\t\t\t\t<\/div>\n\t\t\t\t\t<\/div>\n\t\t\t\t<\/div>\n\t\t\t\t<\/div>","protected":false},"excerpt":{"rendered":"<p>Testemunhos e casos de estudo P\u00e1gina inicial Testemunhos Testemunhos Coment\u00e1rios positivos dos nossos utilizadores Ir para o nosso mural do amor<\/p>","protected":false},"author":4,"featured_media":0,"parent":0,"menu_order":0,"comment_status":"closed","ping_status":"closed","template":"","meta":{"_acf_changed":false,"_seopress_robots_primary_cat":"","_seopress_titles_title":"Asset Management Case Studies & Customer | Oxand","_seopress_titles_desc":"See how organizations optimize asset performance and reduce costs using Oxand\u2019s asset management solutions.","_seopress_robots_index":"","footnotes":""},"class_list":["post-7378","page","type-page","status-publish","hentry"],"acf":[],"_links":{"self":[{"href":"https:\/\/oxand.com\/pt\/wp-json\/wp\/v2\/pages\/7378","targetHints":{"allow":["GET"]}}],"collection":[{"href":"https:\/\/oxand.com\/pt\/wp-json\/wp\/v2\/pages"}],"about":[{"href":"https:\/\/oxand.com\/pt\/wp-json\/wp\/v2\/types\/page"}],"author":[{"embeddable":true,"href":"https:\/\/oxand.com\/pt\/wp-json\/wp\/v2\/users\/4"}],"replies":[{"embeddable":true,"href":"https:\/\/oxand.com\/pt\/wp-json\/wp\/v2\/comments?post=7378"}],"version-history":[{"count":25,"href":"https:\/\/oxand.com\/pt\/wp-json\/wp\/v2\/pages\/7378\/revisions"}],"predecessor-version":[{"id":13798,"href":"https:\/\/oxand.com\/pt\/wp-json\/wp\/v2\/pages\/7378\/revisions\/13798"}],"wp:attachment":[{"href":"https:\/\/oxand.com\/pt\/wp-json\/wp\/v2\/media?parent=7378"}],"curies":[{"name":"wp","href":"https:\/\/api.w.org\/{rel}","templated":true}]}}